{"id":448,"date":"2026-03-08T08:17:32","date_gmt":"2026-03-08T07:17:32","guid":{"rendered":"https:\/\/faunatic.pl\/index.php\/produkt\/turbo-fluctuosus\/"},"modified":"2026-03-08T08:19:54","modified_gmt":"2026-03-08T07:19:54","slug":"turbo-fluctuosus","status":"publish","type":"product","link":"https:\/\/faunatic.pl\/index.php\/produkt\/turbo-fluctuosus\/","title":{"rendered":"Turbo fluctuosus"},"content":{"rendered":"<p>Turbo fluctuosus<\/p>\n<p>Synonimy: Turbo snail, Mexican Turbo Snail, Mexican Turban Snail<\/p>\n<p>Pochodzenie: Gatunek wyst\u0119puje we wschodniej cz\u0119\u015bci Oceanu Spokojnego, g\u0142\u00f3wnie wzd\u0142u\u017c wybrze\u017cy Meksyku i Kalifornii. Zamieszkuje skaliste wybrze\u017ca, rafy oraz obszary poro\u015bni\u0119te glonami.<\/p>\n<p>Wielko\u015b\u0107: Muszla osi\u0105ga zazwyczaj oko\u0142o 4\u20136 cm \u015brednicy.<\/p>\n<p>Temperament: Gatunek ca\u0142kowicie spokojny. Jest to \u015blimak ro\u015blino\u017cerny, kt\u00f3ry nie wykazuje agresji wobec innych mieszka\u0144c\u00f3w akwarium.<\/p>\n<p>Minimalna wielko\u015b\u0107 akwarium: Mo\u017ce by\u0107 utrzymywany ju\u017c w akwariach od oko\u0142o 60 litr\u00f3w, jednak najlepiej sprawdza si\u0119 w wi\u0119kszych, stabilnych zbiornikach z odpowiedni\u0105 ilo\u015bci\u0105 glon\u00f3w.<\/p>\n<p>Ilo\u015b\u0107 w akwarium: Najcz\u0119\u015bciej utrzymuje si\u0119 kilka osobnik\u00f3w. Przyjmuje si\u0119 orientacyjnie oko\u0142o 1 \u015blimak na 40\u201360 litr\u00f3w akwarium, w zale\u017cno\u015bci od ilo\u015bci glon\u00f3w w zbiorniku.<\/p>\n<p>Karmienie \/ dieta: Gatunek ro\u015blino\u017cerny. \u017bywi si\u0119 g\u0142\u00f3wnie glonami porastaj\u0105cymi ska\u0142y i szyby akwarium. W przypadku niedoboru naturalnego pokarmu mo\u017cna uzupe\u0142nia\u0107 diet\u0119 suszonymi algami morskimi lub pokarmami ro\u015blinnymi dla zwierz\u0105t morskich.<\/p>\n<p>Hodowla: Rozmna\u017canie w akwariach domowych zdarza si\u0119 bardzo rzadko. Wi\u0119kszo\u015b\u0107 osobnik\u00f3w dost\u0119pnych w handlu pochodzi z od\u0142ow\u00f3w w \u015brodowisku naturalnym.<\/p>\n<p>Ciekawostki \/ opis:<br \/>\nTurbo fluctuosus jest jednym z najcz\u0119\u015bciej wykorzystywanych \u015blimak\u00f3w w akwarystyce morskiej do zwalczania glon\u00f3w. Bardzo skutecznie czy\u015bci ska\u0142y i szyby akwarium z glon\u00f3w nitkowatych oraz innych nalot\u00f3w. Posiada ci\u0119\u017ck\u0105, grub\u0105 muszl\u0119 i stosunkowo du\u017c\u0105 si\u0142\u0119 \u2013 czasami mo\u017ce przypadkowo przewr\u00f3ci\u0107 lu\u017ano ustawione fragmenty ska\u0142 lub koralowce podczas poruszania si\u0119 po akwarium. ?<\/p>\n","protected":false},"excerpt":{"rendered":"<p>Turbo fluctuosus Synonimy: Turbo snail, Mexican Turbo Snail, Mexican Turban Snail Pochodzenie: Gatunek wyst\u0119puje we wschodniej cz\u0119\u015bci Oceanu Spokojnego, g\u0142\u00f3wnie [&hellip;]<\/p>\n","protected":false},"featured_media":446,"comment_status":"open","ping_status":"closed","template":"","meta":{"site-sidebar-layout":"default","site-content-layout":"","ast-site-content-layout":"default","site-content-style":"default","site-sidebar-style":"default","ast-global-header-display":"","ast-banner-title-visibility":"","ast-main-header-display":"","ast-hfb-above-header-display":"","ast-hfb-below-header-display":"","ast-hfb-mobile-header-display":"","site-post-title":"","ast-breadcrumbs-content":"","ast-featured-img":"","footer-sml-layout":"","theme-transparent-header-meta":"","adv-header-id-meta":"","stick-header-meta":"","header-above-stick-meta":"","header-main-stick-meta":"","header-below-stick-meta":"","astra-migrate-meta-layouts":"default","ast-page-background-enabled":"default","ast-page-background-meta":{"desktop":{"background-color":"var(--ast-global-color-5)","background-image":"","background-repeat":"repeat","background-position":"center center","background-size":"auto","background-attachment":"scroll","background-type":"","background-media":"","overlay-type":"","overlay-color":"","overlay-opacity":"","overlay-gradient":""},"tablet":{"background-color":"","background-image":"","background-repeat":"repeat","background-position":"center center","background-size":"auto","background-attachment":"scroll","background-type":"","background-media":"","overlay-type":"","overlay-color":"","overlay-opacity":"","overlay-gradient":""},"mobile":{"background-color":"","background-image":"","background-repeat":"repeat","background-position":"center center","background-size":"auto","background-attachment":"scroll","background-type":"","background-media":"","overlay-type":"","overlay-color":"","overlay-opacity":"","overlay-gradient":""}},"ast-content-background-meta":{"desktop":{"background-color":"var(--ast-global-color-4)","background-image":"","background-repeat":"repeat","background-position":"center center","background-size":"auto","background-attachment":"scroll","background-type":"","background-media":"","overlay-type":"","overlay-color":"","overlay-opacity":"","overlay-gradient":""},"tablet":{"background-color":"var(--ast-global-color-4)","background-image":"","background-repeat":"repeat","background-position":"center center","background-size":"auto","background-attachment":"scroll","background-type":"","background-media":"","overlay-type":"","overlay-color":"","overlay-opacity":"","overlay-gradient":""},"mobile":{"background-color":"var(--ast-global-color-4)","background-image":"","background-repeat":"repeat","background-position":"center center","background-size":"auto","background-attachment":"scroll","background-type":"","background-media":"","overlay-type":"","overlay-color":"","overlay-opacity":"","overlay-gradient":""}}},"product_brand":[],"product_cat":[20,21],"product_tag":[],"class_list":{"0":"post-448","1":"product","2":"type-product","3":"status-publish","4":"has-post-thumbnail","6":"product_cat-bezkregowce","7":"product_cat-slimaki","8":"desktop-align-left","9":"tablet-align-left","10":"mobile-align-left","12":"first","13":"instock","14":"shipping-taxable","15":"purchasable","16":"product-type-simple"},"_links":{"self":[{"href":"https:\/\/faunatic.pl\/index.php\/wp-json\/wp\/v2\/product\/448","targetHints":{"allow":["GET"]}}],"collection":[{"href":"https:\/\/faunatic.pl\/index.php\/wp-json\/wp\/v2\/product"}],"about":[{"href":"https:\/\/faunatic.pl\/index.php\/wp-json\/wp\/v2\/types\/product"}],"replies":[{"embeddable":true,"href":"https:\/\/faunatic.pl\/index.php\/wp-json\/wp\/v2\/comments?post=448"}],"wp:featuredmedia":[{"embeddable":true,"href":"https:\/\/faunatic.pl\/index.php\/wp-json\/wp\/v2\/media\/446"}],"wp:attachment":[{"href":"https:\/\/faunatic.pl\/index.php\/wp-json\/wp\/v2\/media?parent=448"}],"wp:term":[{"taxonomy":"product_brand","embeddable":true,"href":"https:\/\/faunatic.pl\/index.php\/wp-json\/wp\/v2\/product_brand?post=448"},{"taxonomy":"product_cat","embeddable":true,"href":"https:\/\/faunatic.pl\/index.php\/wp-json\/wp\/v2\/product_cat?post=448"},{"taxonomy":"product_tag","embeddable":true,"href":"https:\/\/faunatic.pl\/index.php\/wp-json\/wp\/v2\/product_tag?post=448"}],"curies":[{"name":"wp","href":"https:\/\/api.w.org\/{rel}","templated":true}]}}