{"id":390,"date":"2025-11-28T12:49:21","date_gmt":"2025-11-28T11:49:21","guid":{"rendered":"https:\/\/faunatic.pl\/index.php\/produkt\/platygyra-spp-premium-frag\/"},"modified":"2026-04-08T09:31:14","modified_gmt":"2026-04-08T07:31:14","slug":"platygyra-spp-premium-frag","status":"publish","type":"product","link":"https:\/\/faunatic.pl\/index.php\/produkt\/platygyra-spp-premium-frag\/","title":{"rendered":"Platygyra spp. (Premium) &#8211; frag"},"content":{"rendered":"<p>Odbi\u00f3r osobisty, Bia\u0142ystok &#8211; Klepacze &#8211; woj. Podlaskie<br \/>\nMo\u017cliwa wysy\u0142ka PKP &#8211; po\u0142\u0105czenia bezpo\u015brednie z Bia\u0142egostoku. Minimalne zam\u00f3wienie 600z\u0142. Koszt wysy\u0142ki 40z\u0142 (Styrobox + Heatpack 24h).<br \/>\nMo\u017cliwa wysy\u0142ka UPS Live Animals  &#8211; dostawa nast\u0119pnego dnia do godz. 12:00 (koszt 50 z\u0142)<\/p>\n<p>Platygyra spp. (Premium) &#8211; frag<\/p>\n<p>Typ: koral LPS (Large Polyp Stony)<br \/>\nPoziom trudno\u015bci: \u0142atwy<br \/>\nTemperament: \u015brednio-agresywny wobec innych korali<br \/>\nWielko\u015b\u0107: kolonie masywne, kopulaste lub sp\u0142aszczone<br \/>\nRodzina: Faviidae<\/p>\n<p>Parametry akwarium:<\/p>\n<p>\u015awiat\u0142o: \u015brednie<\/p>\n<p>Cyrkulacja: umiarkowana<\/p>\n<p>Temperatura: 22\u201326\u202f\u00b0C<\/p>\n<p>Zasolenie: 1,023\u20131,025 SG<\/p>\n<p>pH: 8,1\u20138,4<\/p>\n<p>Alkaliczno\u015b\u0107: 8\u201312 dKH<\/p>\n<p>Suplementacja: wap\u0144, stront, pierwiastki \u015bladowe<\/p>\n<p>Opis i piel\u0119gnacja:<br \/>\nPlatygyra to dekoracyjny koral LPS o masywnych koloniach w kszta\u0142cie kopu\u0142y lub sp\u0142aszczonych p\u0142at\u00f3w, wyst\u0119puj\u0105cy w odcieniach fioletu, zieleni, br\u0105zu i kontrastuj\u0105cych kolorach. Koral jest wytrzyma\u0142y, ale \u015brednio-agresywny \u2013 w nocy wypuszcza d\u0142ugie polipy, dlatego nale\u017cy zachowa\u0107 odst\u0119p od s\u0105siaduj\u0105cych korali.<\/p>\n<p>W akwarium wymaga umiarkowanego o\u015bwietlenia i przep\u0142ywu wody. Platygyra jest reef safe, nie wymaga dokarmiania, ale aby uzyska\u0107 szybsze przyrosty, mo\u017cna j\u0105 karmi\u0107 raz w tygodniu drobnym pokarmem mi\u0119snym, np. zooplanktonem. Produkuje znaczn\u0105 ilo\u015b\u0107 \u015bluzu, kt\u00f3ry wspiera proces oczyszczania i ochrony tkanki.<\/p>\n","protected":false},"excerpt":{"rendered":"<p>Odbi\u00f3r osobisty, Bia\u0142ystok &#8211; Klepacze &#8211; woj. Podlaskie Mo\u017cliwa wysy\u0142ka PKP &#8211; po\u0142\u0105czenia bezpo\u015brednie z Bia\u0142egostoku. Minimalne zam\u00f3wienie 600z\u0142. Koszt [&hellip;]<\/p>\n","protected":false},"featured_media":389,"comment_status":"open","ping_status":"closed","template":"","meta":{"site-sidebar-layout":"default","site-content-layout":"","ast-site-content-layout":"default","site-content-style":"default","site-sidebar-style":"default","ast-global-header-display":"","ast-banner-title-visibility":"","ast-main-header-display":"","ast-hfb-above-header-display":"","ast-hfb-below-header-display":"","ast-hfb-mobile-header-display":"","site-post-title":"","ast-breadcrumbs-content":"","ast-featured-img":"","footer-sml-layout":"","theme-transparent-header-meta":"","adv-header-id-meta":"","stick-header-meta":"","header-above-stick-meta":"","header-main-stick-meta":"","header-below-stick-meta":"","astra-migrate-meta-layouts":"default","ast-page-background-enabled":"default","ast-page-background-meta":{"desktop":{"background-color":"var(--ast-global-color-5)","background-image":"","background-repeat":"repeat","background-position":"center center","background-size":"auto","background-attachment":"scroll","background-type":"","background-media":"","overlay-type":"","overlay-color":"","overlay-opacity":"","overlay-gradient":""},"tablet":{"background-color":"","background-image":"","background-repeat":"repeat","background-position":"center center","background-size":"auto","background-attachment":"scroll","background-type":"","background-media":"","overlay-type":"","overlay-color":"","overlay-opacity":"","overlay-gradient":""},"mobile":{"background-color":"","background-image":"","background-repeat":"repeat","background-position":"center center","background-size":"auto","background-attachment":"scroll","background-type":"","background-media":"","overlay-type":"","overlay-color":"","overlay-opacity":"","overlay-gradient":""}},"ast-content-background-meta":{"desktop":{"background-color":"var(--ast-global-color-4)","background-image":"","background-repeat":"repeat","background-position":"center center","background-size":"auto","background-attachment":"scroll","background-type":"","background-media":"","overlay-type":"","overlay-color":"","overlay-opacity":"","overlay-gradient":""},"tablet":{"background-color":"var(--ast-global-color-4)","background-image":"","background-repeat":"repeat","background-position":"center center","background-size":"auto","background-attachment":"scroll","background-type":"","background-media":"","overlay-type":"","overlay-color":"","overlay-opacity":"","overlay-gradient":""},"mobile":{"background-color":"var(--ast-global-color-4)","background-image":"","background-repeat":"repeat","background-position":"center center","background-size":"auto","background-attachment":"scroll","background-type":"","background-media":"","overlay-type":"","overlay-color":"","overlay-opacity":"","overlay-gradient":""}}},"product_brand":[],"product_cat":[18,26],"product_tag":[],"class_list":{"0":"post-390","1":"product","2":"type-product","3":"status-publish","4":"has-post-thumbnail","6":"product_cat-koralowce","7":"product_cat-koralowce-lps","8":"desktop-align-left","9":"tablet-align-left","10":"mobile-align-left","12":"first","13":"outofstock","14":"shipping-taxable","15":"purchasable","16":"product-type-simple","17":"out-of-stock-bw"},"_links":{"self":[{"href":"https:\/\/faunatic.pl\/index.php\/wp-json\/wp\/v2\/product\/390","targetHints":{"allow":["GET"]}}],"collection":[{"href":"https:\/\/faunatic.pl\/index.php\/wp-json\/wp\/v2\/product"}],"about":[{"href":"https:\/\/faunatic.pl\/index.php\/wp-json\/wp\/v2\/types\/product"}],"replies":[{"embeddable":true,"href":"https:\/\/faunatic.pl\/index.php\/wp-json\/wp\/v2\/comments?post=390"}],"wp:featuredmedia":[{"embeddable":true,"href":"https:\/\/faunatic.pl\/index.php\/wp-json\/wp\/v2\/media\/389"}],"wp:attachment":[{"href":"https:\/\/faunatic.pl\/index.php\/wp-json\/wp\/v2\/media?parent=390"}],"wp:term":[{"taxonomy":"product_brand","embeddable":true,"href":"https:\/\/faunatic.pl\/index.php\/wp-json\/wp\/v2\/product_brand?post=390"},{"taxonomy":"product_cat","embeddable":true,"href":"https:\/\/faunatic.pl\/index.php\/wp-json\/wp\/v2\/product_cat?post=390"},{"taxonomy":"product_tag","embeddable":true,"href":"https:\/\/faunatic.pl\/index.php\/wp-json\/wp\/v2\/product_tag?post=390"}],"curies":[{"name":"wp","href":"https:\/\/api.w.org\/{rel}","templated":true}]}}