{"id":385,"date":"2025-11-28T12:47:29","date_gmt":"2025-11-28T11:47:29","guid":{"rendered":"https:\/\/faunatic.pl\/index.php\/produkt\/percnon-gibbesi-2\/"},"modified":"2026-03-11T16:55:12","modified_gmt":"2026-03-11T15:55:12","slug":"percnon-gibbesi-2","status":"publish","type":"product","link":"https:\/\/faunatic.pl\/index.php\/produkt\/percnon-gibbesi-2\/","title":{"rendered":"Percnon gibbesi"},"content":{"rendered":"<p>Odbi\u00f3r osobisty, Bia\u0142ystok &#8211; Klepacze &#8211; woj. Podlaskie<br \/>\nMo\u017cliwa wysy\u0142ka PKP &#8211; po\u0142\u0105czenia bezpo\u015brednie z Bia\u0142egostoku. Minimalne zam\u00f3wienie 600z\u0142. Koszt wysy\u0142ki 40z\u0142 (Styrobox + Heatpack 24h).<br \/>\nMo\u017cliwa wysy\u0142ka UPS Live Animals  &#8211; dostawa nast\u0119pnego dnia do godz. 12:00 (koszt 50 z\u0142)<\/p>\n<p>Percnon gibbesi  &#8211; Doros\u0142e osobniki maj\u0105 pancerz o szeroko\u015bci 3cm, odn\u00f3\u017ca z \u017c\u00f3\u0142tymi pier\u015bcieniami na stawach. Ka\u017cda z pi\u0119ciu par odn\u00f3\u017cy krocznych ma rz\u0105d kolc\u00f3w wzd\u0142u\u017c przedniej kraw\u0119dzi.<\/p>\n<p>Dystrybucja<br \/>\nPercnon gibbesi jest jednym z najpowszechniejszych krab\u00f3w, wyst\u0119puj\u0105cym po obu stronach Oceanu Atlantyckiego i na wybrze\u017cu Pacyfiku w Ameryce P\u00f3\u0142nocnej. Jego zasi\u0119g rozci\u0105ga si\u0119 od Kalifornii do Chile, podczas gdy na Atlantyku wyst\u0119puje naturalnie od Florydy do Brazylii i od Madery do Zatoki Gwinejskiej.<\/p>\n<p>Nietypowo w\u015br\u00f3d krab\u00f3w strefy umiarkowanej jest krabem ro\u015blino\u017cernym.<\/p>\n","protected":false},"excerpt":{"rendered":"<p>Dostawa 18.11.2025<\/p>\n","protected":false},"featured_media":383,"comment_status":"open","ping_status":"closed","template":"","meta":{"site-sidebar-layout":"default","site-content-layout":"","ast-site-content-layout":"default","site-content-style":"default","site-sidebar-style":"default","ast-global-header-display":"","ast-banner-title-visibility":"","ast-main-header-display":"","ast-hfb-above-header-display":"","ast-hfb-below-header-display":"","ast-hfb-mobile-header-display":"","site-post-title":"","ast-breadcrumbs-content":"","ast-featured-img":"","footer-sml-layout":"","theme-transparent-header-meta":"","adv-header-id-meta":"","stick-header-meta":"","header-above-stick-meta":"","header-main-stick-meta":"","header-below-stick-meta":"","astra-migrate-meta-layouts":"default","ast-page-background-enabled":"default","ast-page-background-meta":{"desktop":{"background-color":"var(--ast-global-color-5)","background-image":"","background-repeat":"repeat","background-position":"center center","background-size":"auto","background-attachment":"scroll","background-type":"","background-media":"","overlay-type":"","overlay-color":"","overlay-opacity":"","overlay-gradient":""},"tablet":{"background-color":"","background-image":"","background-repeat":"repeat","background-position":"center center","background-size":"auto","background-attachment":"scroll","background-type":"","background-media":"","overlay-type":"","overlay-color":"","overlay-opacity":"","overlay-gradient":""},"mobile":{"background-color":"","background-image":"","background-repeat":"repeat","background-position":"center center","background-size":"auto","background-attachment":"scroll","background-type":"","background-media":"","overlay-type":"","overlay-color":"","overlay-opacity":"","overlay-gradient":""}},"ast-content-background-meta":{"desktop":{"background-color":"var(--ast-global-color-4)","background-image":"","background-repeat":"repeat","background-position":"center center","background-size":"auto","background-attachment":"scroll","background-type":"","background-media":"","overlay-type":"","overlay-color":"","overlay-opacity":"","overlay-gradient":""},"tablet":{"background-color":"var(--ast-global-color-4)","background-image":"","background-repeat":"repeat","background-position":"center center","background-size":"auto","background-attachment":"scroll","background-type":"","background-media":"","overlay-type":"","overlay-color":"","overlay-opacity":"","overlay-gradient":""},"mobile":{"background-color":"var(--ast-global-color-4)","background-image":"","background-repeat":"repeat","background-position":"center center","background-size":"auto","background-attachment":"scroll","background-type":"","background-media":"","overlay-type":"","overlay-color":"","overlay-opacity":"","overlay-gradient":""}}},"product_brand":[],"product_cat":[20,30],"product_tag":[],"class_list":{"0":"post-385","1":"product","2":"type-product","3":"status-publish","4":"has-post-thumbnail","6":"product_cat-bezkregowce","7":"product_cat-kraby","8":"desktop-align-left","9":"tablet-align-left","10":"mobile-align-left","12":"first","13":"instock","14":"shipping-taxable","15":"purchasable","16":"product-type-simple"},"_links":{"self":[{"href":"https:\/\/faunatic.pl\/index.php\/wp-json\/wp\/v2\/product\/385","targetHints":{"allow":["GET"]}}],"collection":[{"href":"https:\/\/faunatic.pl\/index.php\/wp-json\/wp\/v2\/product"}],"about":[{"href":"https:\/\/faunatic.pl\/index.php\/wp-json\/wp\/v2\/types\/product"}],"replies":[{"embeddable":true,"href":"https:\/\/faunatic.pl\/index.php\/wp-json\/wp\/v2\/comments?post=385"}],"wp:featuredmedia":[{"embeddable":true,"href":"https:\/\/faunatic.pl\/index.php\/wp-json\/wp\/v2\/media\/383"}],"wp:attachment":[{"href":"https:\/\/faunatic.pl\/index.php\/wp-json\/wp\/v2\/media?parent=385"}],"wp:term":[{"taxonomy":"product_brand","embeddable":true,"href":"https:\/\/faunatic.pl\/index.php\/wp-json\/wp\/v2\/product_brand?post=385"},{"taxonomy":"product_cat","embeddable":true,"href":"https:\/\/faunatic.pl\/index.php\/wp-json\/wp\/v2\/product_cat?post=385"},{"taxonomy":"product_tag","embeddable":true,"href":"https:\/\/faunatic.pl\/index.php\/wp-json\/wp\/v2\/product_tag?post=385"}],"curies":[{"name":"wp","href":"https:\/\/api.w.org\/{rel}","templated":true}]}}