{"id":370,"date":"2025-11-28T12:10:18","date_gmt":"2025-11-28T11:10:18","guid":{"rendered":"https:\/\/faunatic.pl\/index.php\/produkt\/pterosynchiropus-splendidus-mandaryn-wspanialy-blue-2\/"},"modified":"2026-03-26T19:20:11","modified_gmt":"2026-03-26T18:20:11","slug":"pterosynchiropus-splendidus-mandaryn-wspanialy-blue-2","status":"publish","type":"product","link":"https:\/\/faunatic.pl\/index.php\/produkt\/pterosynchiropus-splendidus-mandaryn-wspanialy-blue-2\/","title":{"rendered":"Pterosynchiropus splendidus &#8211; Mandaryn Wspania\u0142y (Blue)"},"content":{"rendered":"<p>Odbi\u00f3r osobisty, Bia\u0142ystok &#8211; Klepacze &#8211; woj. Podlaskie<br \/>\nMo\u017cliwa wysy\u0142ka PKP &#8211; po\u0142\u0105czenia bezpo\u015brednie z Bia\u0142egostoku. Minimalne zam\u00f3wienie 600z\u0142. Koszt wysy\u0142ki 40z\u0142 (Styrobox + Heatpack 24h).<br \/>\nMo\u017cliwa wysy\u0142ka UPS Live Animals  &#8211; dostawa nast\u0119pnego dnia do godz. 12:00 (koszt 50 z\u0142)<\/p>\n<p>Pterosynchiropus splendidus &#8211; Mandaryn wspania\u0142y.<\/p>\n<p>Synonimy: Mandarin dragonet<br \/>\nPochodzenie: Australia, Filipiny, Indonezja, Wyspy Ryukyu.<br \/>\nWielko\u015b\u0107: 10 cm.<br \/>\nTemperament: spokojna.<br \/>\nMinimalna wielko\u015b\u0107 akwarium: 350 litr\u00f3w.<br \/>\nDieta<br \/>\nNa podstawie analizy jelit siedmiu dzikich ryb Sadovy i in. (2001) ustalili, \u017ce mandarynka ma zr\u00f3\u017cnicowan\u0105 diet\u0119, sk\u0142adaj\u0105c\u0105 si\u0119 z wid\u0142onog\u00f3w harpaktycznych , wieloszczet\u00f3w , ma\u0142ych \u015blimak\u00f3w , obunog\u00f3w gammaridea , ikry ryb i ma\u0142\u017coraczk\u00f3w . Na wolno\u015bci \u017cerowanie odbywa si\u0119 nieprzerwanie w ci\u0105gu dnia; ryby selektywnie dziobi\u0105 ma\u0142e ofiary uwi\u0119zione na pod\u0142o\u017cu koralowym w areale o powierzchni wielu metr\u00f3w kwadratowych. [ 10 ]<\/p>\n<p>Hodowla: Pomimo popularno\u015bci w akwarystyce, ryby te uwa\u017cane s\u0105 za dosy\u0107 wymagaj\u0105ce, poniewa\u017c ich nawyki \u017cywieniowe s\u0105 bardzo specyficzne. Niekt\u00f3re ryby nigdy nie przystosowuj\u0105 si\u0119 do \u017cycia w akwarium, odmawiaj\u0105c jedzenia czegokolwiek poza ma\u0142ymi \u017cywymi skorupiakami, wid\u0142onogami. Osobniki kt\u00f3re zaaklimatyzuj\u0105 si\u0119 do pokarmu akwariowego, uwa\u017cane s\u0105 za do\u015b\u0107 odporne na choroby, takie jak np. ospa. Mandaryny maj\u0105 r\u00f3wnie\u017c warstw\u0119 gorzkiego \u015bluzu zamiast \u0142usek, \u015aluz ten prawdopodobnie zapobiega chorobom, jak r\u00f3wnie\u017c zniech\u0119ca drapie\u017cniki, co sugeruje te\u017c ich jaskrawe ubarwienie.<\/p>\n","protected":false},"excerpt":{"rendered":"<p>Dostawa 18.11.2025<\/p>\n","protected":false},"featured_media":368,"comment_status":"open","ping_status":"closed","template":"","meta":{"site-sidebar-layout":"default","site-content-layout":"","ast-site-content-layout":"default","site-content-style":"default","site-sidebar-style":"default","ast-global-header-display":"","ast-banner-title-visibility":"","ast-main-header-display":"","ast-hfb-above-header-display":"","ast-hfb-below-header-display":"","ast-hfb-mobile-header-display":"","site-post-title":"","ast-breadcrumbs-content":"","ast-featured-img":"","footer-sml-layout":"","theme-transparent-header-meta":"","adv-header-id-meta":"","stick-header-meta":"","header-above-stick-meta":"","header-main-stick-meta":"","header-below-stick-meta":"","astra-migrate-meta-layouts":"default","ast-page-background-enabled":"default","ast-page-background-meta":{"desktop":{"background-color":"var(--ast-global-color-5)","background-image":"","background-repeat":"repeat","background-position":"center center","background-size":"auto","background-attachment":"scroll","background-type":"","background-media":"","overlay-type":"","overlay-color":"","overlay-opacity":"","overlay-gradient":""},"tablet":{"background-color":"","background-image":"","background-repeat":"repeat","background-position":"center center","background-size":"auto","background-attachment":"scroll","background-type":"","background-media":"","overlay-type":"","overlay-color":"","overlay-opacity":"","overlay-gradient":""},"mobile":{"background-color":"","background-image":"","background-repeat":"repeat","background-position":"center center","background-size":"auto","background-attachment":"scroll","background-type":"","background-media":"","overlay-type":"","overlay-color":"","overlay-opacity":"","overlay-gradient":""}},"ast-content-background-meta":{"desktop":{"background-color":"var(--ast-global-color-4)","background-image":"","background-repeat":"repeat","background-position":"center center","background-size":"auto","background-attachment":"scroll","background-type":"","background-media":"","overlay-type":"","overlay-color":"","overlay-opacity":"","overlay-gradient":""},"tablet":{"background-color":"var(--ast-global-color-4)","background-image":"","background-repeat":"repeat","background-position":"center center","background-size":"auto","background-attachment":"scroll","background-type":"","background-media":"","overlay-type":"","overlay-color":"","overlay-opacity":"","overlay-gradient":""},"mobile":{"background-color":"var(--ast-global-color-4)","background-image":"","background-repeat":"repeat","background-position":"center center","background-size":"auto","background-attachment":"scroll","background-type":"","background-media":"","overlay-type":"","overlay-color":"","overlay-opacity":"","overlay-gradient":""}}},"product_brand":[],"product_cat":[19],"product_tag":[],"class_list":{"0":"post-370","1":"product","2":"type-product","3":"status-publish","4":"has-post-thumbnail","6":"product_cat-ryby","7":"desktop-align-left","8":"tablet-align-left","9":"mobile-align-left","11":"first","12":"instock","13":"shipping-taxable","14":"purchasable","15":"product-type-simple"},"_links":{"self":[{"href":"https:\/\/faunatic.pl\/index.php\/wp-json\/wp\/v2\/product\/370","targetHints":{"allow":["GET"]}}],"collection":[{"href":"https:\/\/faunatic.pl\/index.php\/wp-json\/wp\/v2\/product"}],"about":[{"href":"https:\/\/faunatic.pl\/index.php\/wp-json\/wp\/v2\/types\/product"}],"replies":[{"embeddable":true,"href":"https:\/\/faunatic.pl\/index.php\/wp-json\/wp\/v2\/comments?post=370"}],"wp:featuredmedia":[{"embeddable":true,"href":"https:\/\/faunatic.pl\/index.php\/wp-json\/wp\/v2\/media\/368"}],"wp:attachment":[{"href":"https:\/\/faunatic.pl\/index.php\/wp-json\/wp\/v2\/media?parent=370"}],"wp:term":[{"taxonomy":"product_brand","embeddable":true,"href":"https:\/\/faunatic.pl\/index.php\/wp-json\/wp\/v2\/product_brand?post=370"},{"taxonomy":"product_cat","embeddable":true,"href":"https:\/\/faunatic.pl\/index.php\/wp-json\/wp\/v2\/product_cat?post=370"},{"taxonomy":"product_tag","embeddable":true,"href":"https:\/\/faunatic.pl\/index.php\/wp-json\/wp\/v2\/product_tag?post=370"}],"curies":[{"name":"wp","href":"https:\/\/api.w.org\/{rel}","templated":true}]}}