{"id":363,"date":"2025-11-28T12:01:52","date_gmt":"2025-11-28T11:01:52","guid":{"rendered":"https:\/\/faunatic.pl\/index.php\/produkt\/duncanopsammia-axifuga-dunka-polip-glowka\/"},"modified":"2026-03-30T17:28:13","modified_gmt":"2026-03-30T15:28:13","slug":"duncanopsammia-axifuga-dunka-polip-glowka","status":"publish","type":"product","link":"https:\/\/faunatic.pl\/index.php\/produkt\/duncanopsammia-axifuga-dunka-polip-glowka\/","title":{"rendered":"Duncanopsammia axifuga &#8211; Dunka &#8211; Polip\/G\u0142\u00f3wka"},"content":{"rendered":"<p>Odbi\u00f3r osobisty, Bia\u0142ystok &#8211; Klepacze &#8211; woj. Podlaskie<br \/>\nMo\u017cliwa wysy\u0142ka PKP &#8211; po\u0142\u0105czenia bezpo\u015brednie z Bia\u0142egostoku. Minimalne zam\u00f3wienie 600z\u0142. Koszt wysy\u0142ki 40z\u0142 (Styrobox + Heatpack 24h).<br \/>\nMo\u017cliwa wysy\u0142ka UPS Live Animals  &#8211; dostawa nast\u0119pnego dnia do godz. 12:00 (koszt 50 z\u0142)<\/p>\n<p>Duncanopsammia axifuga &#8211; Dunka Polip<\/p>\n<p>Typ: koral LPS (Large Polyp Stony)<br \/>\nPoziom trudno\u015bci: \u0142atwy<br \/>\nTemperament: \u015brednio-agresywny wobec innych korali<br \/>\nWielko\u015b\u0107: pojedyncza g\u0142\u00f3wka<br \/>\nPochodzenie: Australia, Filipiny, Indopacyfik, Pacyfik Centralny, Tajwan<br \/>\nRodzina: Dendrophylliidae<\/p>\n<p>Parametry akwarium:<\/p>\n<p>\u015awiat\u0142o: \u015brednie do mocnego (PAR 150\u2013250), T5 lub diody LED<\/p>\n<p>Cyrkulacja: umiarkowana, zbyt silny przep\u0142yw mo\u017ce uszkodzi\u0107 tkank\u0119<\/p>\n<p>Temperatura: 24\u201326\u202f\u00b0C<\/p>\n<p>Zasolenie: 1,024\u20131,026 SG<\/p>\n<p>pH: 8,1\u20138,4<\/p>\n<p>Wap\u0144: 420\u2013440 ppm<\/p>\n<p>Alkaliczno\u015b\u0107: 8\u20139,5 dKH<\/p>\n<p>Magnez: 1260\u20131350 ppm<\/p>\n<p>Azotany \/ Fosforany: NO\u2083 &lt;10 ppm, PO\u2084 &lt;0,10 ppm<\/p>\n<p>Opis i piel\u0119gnacja:<br \/>\nDunka Polip to efektowny koral twardy LPS o du\u017cych polipach, znany z \u0142atwej hodowli i dekoracyjnego wygl\u0105du. W naturze wyst\u0119puje w p\u00f3\u0142nocnej Australii i Morzu Po\u0142udniowochi\u0144skim. Jest spokrewniony z koralami Tubastrea, jednak \u017cywi si\u0119 nie tylko dzi\u0119ki fotosyntetycznym zooksantellom, ale tak\u017ce przyjmuj\u0105c drobny plankton, zooplankton, mysis czy ikr\u0119 morsk\u0105.<\/p>\n<p>W akwarium najlepiej umie\u015bci\u0107 koral na ods\u0142oni\u0119tej skale lub p\u00f3\u0142ce w dolnych partiach zbiornika, zapewniaj\u0105c mu umiarkowane o\u015bwietlenie i przep\u0142yw wody. Dunka rozmna\u017ca si\u0119 poprzez rozszczepienie pod\u0142u\u017cne, dlatego warto pozostawi\u0107 wok\u00f3\u0142 niej miejsce na wzrost i rozw\u00f3j kolonii.<\/p>\n<p>Dzi\u0119ki punktowemu dokarmianiu mro\u017conkami koral potrafi pi\u0119knie si\u0119 rozwija\u0107 i tworzy\u0107 nowe przyrosty. Duncanopsammia axifuga jest reef safe, ale \u015brednio-agresywna wobec s\u0105siad\u00f3w, wi\u0119c nale\u017cy zachowa\u0107 odpowiedni odst\u0119p od innych korali.<\/p>\n<p>Karmienie: glony, plankton, zooplankton, mysis, ikra morska.<br \/>\nUwagi: Regularna kontrola azotan\u00f3w i fosforan\u00f3w oraz odpowiednie dozowanie wapnia, magnezu i alkaliczno\u015bci zapewnia stabilny wzrost i zdrowie korala.<\/p>\n","protected":false},"excerpt":{"rendered":"<p>Odbi\u00f3r osobisty, Bia\u0142ystok &#8211; Klepacze &#8211; woj. Podlaskie Mo\u017cliwa wysy\u0142ka PKP &#8211; po\u0142\u0105czenia bezpo\u015brednie z Bia\u0142egostoku. Minimalne zam\u00f3wienie 600z\u0142. Koszt [&hellip;]<\/p>\n","protected":false},"featured_media":361,"comment_status":"open","ping_status":"closed","template":"","meta":{"site-sidebar-layout":"default","site-content-layout":"","ast-site-content-layout":"default","site-content-style":"default","site-sidebar-style":"default","ast-global-header-display":"","ast-banner-title-visibility":"","ast-main-header-display":"","ast-hfb-above-header-display":"","ast-hfb-below-header-display":"","ast-hfb-mobile-header-display":"","site-post-title":"","ast-breadcrumbs-content":"","ast-featured-img":"","footer-sml-layout":"","theme-transparent-header-meta":"","adv-header-id-meta":"","stick-header-meta":"","header-above-stick-meta":"","header-main-stick-meta":"","header-below-stick-meta":"","astra-migrate-meta-layouts":"default","ast-page-background-enabled":"default","ast-page-background-meta":{"desktop":{"background-color":"var(--ast-global-color-5)","background-image":"","background-repeat":"repeat","background-position":"center center","background-size":"auto","background-attachment":"scroll","background-type":"","background-media":"","overlay-type":"","overlay-color":"","overlay-opacity":"","overlay-gradient":""},"tablet":{"background-color":"","background-image":"","background-repeat":"repeat","background-position":"center center","background-size":"auto","background-attachment":"scroll","background-type":"","background-media":"","overlay-type":"","overlay-color":"","overlay-opacity":"","overlay-gradient":""},"mobile":{"background-color":"","background-image":"","background-repeat":"repeat","background-position":"center center","background-size":"auto","background-attachment":"scroll","background-type":"","background-media":"","overlay-type":"","overlay-color":"","overlay-opacity":"","overlay-gradient":""}},"ast-content-background-meta":{"desktop":{"background-color":"var(--ast-global-color-4)","background-image":"","background-repeat":"repeat","background-position":"center center","background-size":"auto","background-attachment":"scroll","background-type":"","background-media":"","overlay-type":"","overlay-color":"","overlay-opacity":"","overlay-gradient":""},"tablet":{"background-color":"var(--ast-global-color-4)","background-image":"","background-repeat":"repeat","background-position":"center center","background-size":"auto","background-attachment":"scroll","background-type":"","background-media":"","overlay-type":"","overlay-color":"","overlay-opacity":"","overlay-gradient":""},"mobile":{"background-color":"var(--ast-global-color-4)","background-image":"","background-repeat":"repeat","background-position":"center center","background-size":"auto","background-attachment":"scroll","background-type":"","background-media":"","overlay-type":"","overlay-color":"","overlay-opacity":"","overlay-gradient":""}}},"product_brand":[],"product_cat":[18,26],"product_tag":[],"class_list":{"0":"post-363","1":"product","2":"type-product","3":"status-publish","4":"has-post-thumbnail","6":"product_cat-koralowce","7":"product_cat-koralowce-lps","8":"desktop-align-left","9":"tablet-align-left","10":"mobile-align-left","12":"first","13":"instock","14":"shipping-taxable","15":"purchasable","16":"product-type-simple"},"_links":{"self":[{"href":"https:\/\/faunatic.pl\/index.php\/wp-json\/wp\/v2\/product\/363","targetHints":{"allow":["GET"]}}],"collection":[{"href":"https:\/\/faunatic.pl\/index.php\/wp-json\/wp\/v2\/product"}],"about":[{"href":"https:\/\/faunatic.pl\/index.php\/wp-json\/wp\/v2\/types\/product"}],"replies":[{"embeddable":true,"href":"https:\/\/faunatic.pl\/index.php\/wp-json\/wp\/v2\/comments?post=363"}],"wp:featuredmedia":[{"embeddable":true,"href":"https:\/\/faunatic.pl\/index.php\/wp-json\/wp\/v2\/media\/361"}],"wp:attachment":[{"href":"https:\/\/faunatic.pl\/index.php\/wp-json\/wp\/v2\/media?parent=363"}],"wp:term":[{"taxonomy":"product_brand","embeddable":true,"href":"https:\/\/faunatic.pl\/index.php\/wp-json\/wp\/v2\/product_brand?post=363"},{"taxonomy":"product_cat","embeddable":true,"href":"https:\/\/faunatic.pl\/index.php\/wp-json\/wp\/v2\/product_cat?post=363"},{"taxonomy":"product_tag","embeddable":true,"href":"https:\/\/faunatic.pl\/index.php\/wp-json\/wp\/v2\/product_tag?post=363"}],"curies":[{"name":"wp","href":"https:\/\/api.w.org\/{rel}","templated":true}]}}