{"id":309,"date":"2025-11-27T09:35:59","date_gmt":"2025-11-27T08:35:59","guid":{"rendered":"https:\/\/faunatic.pl\/index.php\/produkt\/sarcophyton-spp\/"},"modified":"2026-03-11T16:56:09","modified_gmt":"2026-03-11T15:56:09","slug":"sarcophyton-spp","status":"publish","type":"product","link":"https:\/\/faunatic.pl\/index.php\/produkt\/sarcophyton-spp\/","title":{"rendered":"Sarcophyton spp."},"content":{"rendered":"<p>Odbi\u00f3r osobisty, Bia\u0142ystok &#8211; Klepacze &#8211; woj. Podlaskie<br \/>\nMo\u017cliwa wysy\u0142ka PKP &#8211; po\u0142\u0105czenia bezpo\u015brednie z Bia\u0142egostoku. Minimalne zam\u00f3wienie 600z\u0142. Koszt wysy\u0142ki 40z\u0142 (Styrobox + Heatpack 24h).<br \/>\nMo\u017cliwa wysy\u0142ka UPS &#8211; dostawa nast\u0119pnego dnia do godz. 12:00, koszt 50z\u0142 (Styrobox + Heatpack 24h)<\/p>\n<p>Pochodzenie: Australia<br \/>\nO\u015bwietlenie: \u015brednie\u2013intensywne<br \/>\nCyrkulacja: umiarkowana<\/p>\n<p>Przed zakupem warto skontaktowa\u0107 si\u0119 ze sklepem, aby potwierdzi\u0107 dost\u0119pno\u015b\u0107 konkretnego egzemplarza.<\/p>\n<p>Sarcophyton to wytrzyma\u0142y i polecany dla wi\u0119kszo\u015bci akwaryst\u00f3w koralowiec mi\u0119kki. Nale\u017cy do grupy tzw. korali sk\u00f3rzastych \u2013 co pewien czas zrzuca zewn\u0119trzn\u0105 warstw\u0119 nab\u0142onka, przez co mo\u017ce wygl\u0105da\u0107 na zwiotcza\u0142y lub pomarszczony. Po takim \u201eodnowieniu\u201d zazwyczaj szybko ro\u015bnie i nabiera pe\u0142niejszego kszta\u0142tu. W sprzyjaj\u0105cych warunkach potrafi osi\u0105ga\u0107 naprawd\u0119 du\u017ce rozmiary. Cz\u0119sto staje si\u0119 naturalnym schronieniem dla b\u0142azenk\u00f3w, kt\u00f3re ch\u0119tnie p\u0142ywaj\u0105 mi\u0119dzy jego polipami. Dobrze reaguje na suplementacj\u0119 jodu i strontu.<\/p>\n<p>Ten gatunek, spotykany r\u00f3wnie\u017c w rejonach Indonezji, najlepiej czuje si\u0119 w umiarkowanym lub nieco mocniejszym przep\u0142ywie wody oraz przy silnym o\u015bwietleniu. Optymalna temperatura to oko\u0142o 24\u201328\u00b0C. W odpowiednich warunkach odwdzi\u0119cza si\u0119 obfitym, efektownym polipowaniem i atrakcyjnym wygl\u0105dem przez d\u0142ugi czas.<\/p>\n","protected":false},"excerpt":{"rendered":"<p>Odbi\u00f3r osobisty, Bia\u0142ystok &#8211; Klepacze &#8211; woj. Podlaskie Mo\u017cliwa wysy\u0142ka PKP &#8211; po\u0142\u0105czenia bezpo\u015brednie z Bia\u0142egostoku. Minimalne zam\u00f3wienie 600z\u0142. Koszt [&hellip;]<\/p>\n","protected":false},"featured_media":308,"comment_status":"open","ping_status":"closed","template":"","meta":{"site-sidebar-layout":"default","site-content-layout":"","ast-site-content-layout":"default","site-content-style":"default","site-sidebar-style":"default","ast-global-header-display":"","ast-banner-title-visibility":"","ast-main-header-display":"","ast-hfb-above-header-display":"","ast-hfb-below-header-display":"","ast-hfb-mobile-header-display":"","site-post-title":"","ast-breadcrumbs-content":"","ast-featured-img":"","footer-sml-layout":"","theme-transparent-header-meta":"","adv-header-id-meta":"","stick-header-meta":"","header-above-stick-meta":"","header-main-stick-meta":"","header-below-stick-meta":"","astra-migrate-meta-layouts":"default","ast-page-background-enabled":"default","ast-page-background-meta":{"desktop":{"background-color":"var(--ast-global-color-5)","background-image":"","background-repeat":"repeat","background-position":"center center","background-size":"auto","background-attachment":"scroll","background-type":"","background-media":"","overlay-type":"","overlay-color":"","overlay-opacity":"","overlay-gradient":""},"tablet":{"background-color":"","background-image":"","background-repeat":"repeat","background-position":"center center","background-size":"auto","background-attachment":"scroll","background-type":"","background-media":"","overlay-type":"","overlay-color":"","overlay-opacity":"","overlay-gradient":""},"mobile":{"background-color":"","background-image":"","background-repeat":"repeat","background-position":"center center","background-size":"auto","background-attachment":"scroll","background-type":"","background-media":"","overlay-type":"","overlay-color":"","overlay-opacity":"","overlay-gradient":""}},"ast-content-background-meta":{"desktop":{"background-color":"var(--ast-global-color-4)","background-image":"","background-repeat":"repeat","background-position":"center center","background-size":"auto","background-attachment":"scroll","background-type":"","background-media":"","overlay-type":"","overlay-color":"","overlay-opacity":"","overlay-gradient":""},"tablet":{"background-color":"var(--ast-global-color-4)","background-image":"","background-repeat":"repeat","background-position":"center center","background-size":"auto","background-attachment":"scroll","background-type":"","background-media":"","overlay-type":"","overlay-color":"","overlay-opacity":"","overlay-gradient":""},"mobile":{"background-color":"var(--ast-global-color-4)","background-image":"","background-repeat":"repeat","background-position":"center center","background-size":"auto","background-attachment":"scroll","background-type":"","background-media":"","overlay-type":"","overlay-color":"","overlay-opacity":"","overlay-gradient":""}}},"product_brand":[],"product_cat":[18,25],"product_tag":[],"class_list":{"0":"post-309","1":"product","2":"type-product","3":"status-publish","4":"has-post-thumbnail","6":"product_cat-koralowce","7":"product_cat-koralowce-miekkie","8":"desktop-align-left","9":"tablet-align-left","10":"mobile-align-left","12":"first","13":"instock","14":"shipping-taxable","15":"purchasable","16":"product-type-simple"},"_links":{"self":[{"href":"https:\/\/faunatic.pl\/index.php\/wp-json\/wp\/v2\/product\/309","targetHints":{"allow":["GET"]}}],"collection":[{"href":"https:\/\/faunatic.pl\/index.php\/wp-json\/wp\/v2\/product"}],"about":[{"href":"https:\/\/faunatic.pl\/index.php\/wp-json\/wp\/v2\/types\/product"}],"replies":[{"embeddable":true,"href":"https:\/\/faunatic.pl\/index.php\/wp-json\/wp\/v2\/comments?post=309"}],"wp:featuredmedia":[{"embeddable":true,"href":"https:\/\/faunatic.pl\/index.php\/wp-json\/wp\/v2\/media\/308"}],"wp:attachment":[{"href":"https:\/\/faunatic.pl\/index.php\/wp-json\/wp\/v2\/media?parent=309"}],"wp:term":[{"taxonomy":"product_brand","embeddable":true,"href":"https:\/\/faunatic.pl\/index.php\/wp-json\/wp\/v2\/product_brand?post=309"},{"taxonomy":"product_cat","embeddable":true,"href":"https:\/\/faunatic.pl\/index.php\/wp-json\/wp\/v2\/product_cat?post=309"},{"taxonomy":"product_tag","embeddable":true,"href":"https:\/\/faunatic.pl\/index.php\/wp-json\/wp\/v2\/product_tag?post=309"}],"curies":[{"name":"wp","href":"https:\/\/api.w.org\/{rel}","templated":true}]}}