{"id":281,"date":"2025-11-19T09:29:39","date_gmt":"2025-11-19T08:29:39","guid":{"rendered":"https:\/\/faunatic.pl\/index.php\/produkt\/valenciennea-sexguttata-babka-kopiaca\/"},"modified":"2026-03-30T17:26:17","modified_gmt":"2026-03-30T15:26:17","slug":"valenciennea-sexguttata-babka-kopiaca","status":"publish","type":"product","link":"https:\/\/faunatic.pl\/index.php\/produkt\/valenciennea-sexguttata-babka-kopiaca\/","title":{"rendered":"Valenciennea sexguttata &#8211; Babka kopi\u0105ca"},"content":{"rendered":"<p>Odbi\u00f3r osobisty, Bia\u0142ystok &#8211; Klepacze &#8211; woj. Podlaskie<br \/>\nMo\u017cliwa wysy\u0142ka PKP &#8211; po\u0142\u0105czenia bezpo\u015brednie z Bia\u0142egostoku. Minimalne zam\u00f3wienie 600z\u0142. Koszt wysy\u0142ki 40z\u0142 (Styrobox + Heatpack 24h).<br \/>\nMo\u017cliwa wysy\u0142ka UPS Live Animals  &#8211; dostawa nast\u0119pnego dnia do godz. 12:00 (koszt 50 z\u0142)<\/p>\n<p>Poziom trudno\u015bci: \u015bredni<br \/>\nTemperament: spokojna, terytorialna wobec osobnik\u00f3w w\u0142asnego gatunku<br \/>\nMaksymalna wielko\u015b\u0107: do 14 cm (w akwarium zwykle ~10\u201313 cm)<br \/>\nMinimalny zbiornik: 150 l<br \/>\nTemperatura wody: 24\u201328\u00b0C<br \/>\nParametry wody: pH 8,1\u20138,4, zasolenie 1,020\u20131,025, dKH 8\u201312<br \/>\nPokarm: artemia, mysis, drobny plankton, larwy, drobny suchy pokarm, czasem algi lub lasonogi<br \/>\nPochodzenie: Indo-Pacyfik \u2013 Afryka Zachodnia, Australia, Morze Czerwone, Queensland, Samoa, Wyspy Ryukyu<\/p>\n<p>Valenciennea sexguttata to urokliwa babka kopi\u0105ca, charakteryzuj\u0105ca si\u0119 smuk\u0142ym, walcowatym cia\u0142em w bia\u0142awoszarym kolorze oraz sze\u015bcioma jasnoniebieskimi plamkami na bokach lub policzkach. Pierwsza p\u0142etwa grzbietowa zako\u0144czona jest czarn\u0105 ko\u0144c\u00f3wk\u0105 z bia\u0142\u0105 obw\u00f3dk\u0105, co dodaje rybie dekoracyjnego wygl\u0105du.<\/p>\n<p>W naturze gatunek zamieszkuje piaszczyste lub muliste obszary przy rafach, laguny i zatoki na g\u0142\u0119boko\u015bci 3\u201325 m. Babka kopi\u0105ca \u017cyje w wykopanych kryj\u00f3wkach pod ska\u0142ami, przesiewaj\u0105c piasek przez skrzela w poszukiwaniu mikrofauny. Po wprowadzeniu do akwarium ryba przekopuje pod\u0142o\u017ce wedle w\u0142asnego uznania, czasem przez pierwsze dni tworz\u0105c tzw. \u201eburz\u0119 piaskow\u0105\u201d, po czym zachowuje spok\u00f3j.<\/p>\n<p>W akwarium najlepiej trzyma\u0107 pojedynczo lub w parze, gdy\u017c ryby tego gatunku wykazuj\u0105 terytorialno\u015b\u0107 wobec osobnik\u00f3w w\u0142asnego gatunku, ale s\u0105 spokojne wobec innych ryb. Pod\u0142o\u017ce powinno sk\u0142ada\u0107 si\u0119 z drobnego, \u017cywego piasku (minimum 5 cm) oraz kryj\u00f3wek i ska\u0142 do kopania nor. Babka jest bezpieczna dla rafy, jednak mo\u017ce przesuwa\u0107 elementy dekoracji w trakcie kopania.<\/p>\n<p>Valenciennea sexguttata to fascynuj\u0105cy mieszkaniec akwarium rafowego, \u0142\u0105cz\u0105cy dekoracyjny wygl\u0105d z po\u017cytecznymi zachowaniami zwi\u0105zanymi z oczyszczaniem pod\u0142o\u017ca i strefy przydennej.<\/p>\n","protected":false},"excerpt":{"rendered":"<p>Odbi\u00f3r osobisty, Bia\u0142ystok &#8211; Klepacze &#8211; woj. Podlaskie Mo\u017cliwa wysy\u0142ka PKP &#8211; po\u0142\u0105czenia bezpo\u015brednie z Bia\u0142egostoku. Minimalne zam\u00f3wienie 600z\u0142. Koszt [&hellip;]<\/p>\n","protected":false},"featured_media":280,"comment_status":"open","ping_status":"closed","template":"","meta":{"site-sidebar-layout":"default","site-content-layout":"","ast-site-content-layout":"default","site-content-style":"default","site-sidebar-style":"default","ast-global-header-display":"","ast-banner-title-visibility":"","ast-main-header-display":"","ast-hfb-above-header-display":"","ast-hfb-below-header-display":"","ast-hfb-mobile-header-display":"","site-post-title":"","ast-breadcrumbs-content":"","ast-featured-img":"","footer-sml-layout":"","theme-transparent-header-meta":"","adv-header-id-meta":"","stick-header-meta":"","header-above-stick-meta":"","header-main-stick-meta":"","header-below-stick-meta":"","astra-migrate-meta-layouts":"default","ast-page-background-enabled":"default","ast-page-background-meta":{"desktop":{"background-color":"var(--ast-global-color-5)","background-image":"","background-repeat":"repeat","background-position":"center center","background-size":"auto","background-attachment":"scroll","background-type":"","background-media":"","overlay-type":"","overlay-color":"","overlay-opacity":"","overlay-gradient":""},"tablet":{"background-color":"","background-image":"","background-repeat":"repeat","background-position":"center center","background-size":"auto","background-attachment":"scroll","background-type":"","background-media":"","overlay-type":"","overlay-color":"","overlay-opacity":"","overlay-gradient":""},"mobile":{"background-color":"","background-image":"","background-repeat":"repeat","background-position":"center center","background-size":"auto","background-attachment":"scroll","background-type":"","background-media":"","overlay-type":"","overlay-color":"","overlay-opacity":"","overlay-gradient":""}},"ast-content-background-meta":{"desktop":{"background-color":"var(--ast-global-color-4)","background-image":"","background-repeat":"repeat","background-position":"center center","background-size":"auto","background-attachment":"scroll","background-type":"","background-media":"","overlay-type":"","overlay-color":"","overlay-opacity":"","overlay-gradient":""},"tablet":{"background-color":"var(--ast-global-color-4)","background-image":"","background-repeat":"repeat","background-position":"center center","background-size":"auto","background-attachment":"scroll","background-type":"","background-media":"","overlay-type":"","overlay-color":"","overlay-opacity":"","overlay-gradient":""},"mobile":{"background-color":"var(--ast-global-color-4)","background-image":"","background-repeat":"repeat","background-position":"center center","background-size":"auto","background-attachment":"scroll","background-type":"","background-media":"","overlay-type":"","overlay-color":"","overlay-opacity":"","overlay-gradient":""}}},"product_brand":[],"product_cat":[19],"product_tag":[],"class_list":{"0":"post-281","1":"product","2":"type-product","3":"status-publish","4":"has-post-thumbnail","6":"product_cat-ryby","7":"desktop-align-left","8":"tablet-align-left","9":"mobile-align-left","11":"first","12":"outofstock","13":"shipping-taxable","14":"purchasable","15":"product-type-simple","16":"out-of-stock-bw"},"_links":{"self":[{"href":"https:\/\/faunatic.pl\/index.php\/wp-json\/wp\/v2\/product\/281","targetHints":{"allow":["GET"]}}],"collection":[{"href":"https:\/\/faunatic.pl\/index.php\/wp-json\/wp\/v2\/product"}],"about":[{"href":"https:\/\/faunatic.pl\/index.php\/wp-json\/wp\/v2\/types\/product"}],"replies":[{"embeddable":true,"href":"https:\/\/faunatic.pl\/index.php\/wp-json\/wp\/v2\/comments?post=281"}],"wp:featuredmedia":[{"embeddable":true,"href":"https:\/\/faunatic.pl\/index.php\/wp-json\/wp\/v2\/media\/280"}],"wp:attachment":[{"href":"https:\/\/faunatic.pl\/index.php\/wp-json\/wp\/v2\/media?parent=281"}],"wp:term":[{"taxonomy":"product_brand","embeddable":true,"href":"https:\/\/faunatic.pl\/index.php\/wp-json\/wp\/v2\/product_brand?post=281"},{"taxonomy":"product_cat","embeddable":true,"href":"https:\/\/faunatic.pl\/index.php\/wp-json\/wp\/v2\/product_cat?post=281"},{"taxonomy":"product_tag","embeddable":true,"href":"https:\/\/faunatic.pl\/index.php\/wp-json\/wp\/v2\/product_tag?post=281"}],"curies":[{"name":"wp","href":"https:\/\/api.w.org\/{rel}","templated":true}]}}