{"id":209,"date":"2025-11-12T13:19:15","date_gmt":"2025-11-12T12:19:15","guid":{"rendered":"https:\/\/faunatic.pl\/index.php\/produkt\/acropora-spp-green-frag\/"},"modified":"2026-03-30T17:26:09","modified_gmt":"2026-03-30T15:26:09","slug":"acropora-spp-green-frag","status":"publish","type":"product","link":"https:\/\/faunatic.pl\/index.php\/produkt\/acropora-spp-green-frag\/","title":{"rendered":"Acropora spp. (Green) (frag)"},"content":{"rendered":"<p>Acropora spp. Green<\/p>\n<p>Ten efektowny koralowiec z rodzaju Acropora nale\u017cy do grupy twardych koralowc\u00f3w ma\u0142opolipowych (SPS). Charakteryzuje si\u0119 intensywnie zielonym zabarwieniem i delikatn\u0105, rozga\u0142\u0119zion\u0105 struktur\u0105, dzi\u0119ki czemu stanowi wyj\u0105tkow\u0105 ozdob\u0119 ka\u017cdego akwarium rafowego.<\/p>\n<p>W naturze Acropora spp. zasiedla tropikalne rejony Indo-Pacyfiku \u2013 wyst\u0119puje m.in. w okolicach Australii, na Wielkiej Rafie Koralowej, a tak\u017ce w wodach Fid\u017ci, Filipin i Sri Lanki. Preferuje dobrze o\u015bwietlone, p\u0142ytkie fragmenty raf, gdzie pr\u0105dy morskie zapewniaj\u0105 jej sta\u0142y dop\u0142yw sk\u0142adnik\u00f3w od\u017cywczych.<\/p>\n<p>W akwarium wymaga stabilnych warunk\u00f3w, silnego o\u015bwietlenia i dobrej cyrkulacji wody. Jest wra\u017cliwa na wahania parametr\u00f3w, dlatego najlepiej sprawdza si\u0119 w dojrza\u0142ych systemach rafowych prowadzonych przez bardziej do\u015bwiadczonych akwaryst\u00f3w.<\/p>\n<p>Warunki hodowli:<br \/>\nTemperatura: 24\u201327\u00b0C<br \/>\nZasolenie: 1.024\u20131.026<br \/>\nRodzaj: SPS<br \/>\nPochodzenie: Indo-Pacyfik (Australia, Fiji, Filipiny, Sri Lanka, Wielka Rafa Koralowa)<\/p>\n","protected":false},"excerpt":{"rendered":"<p>Dostawa 18.11.2025<\/p>\n","protected":false},"featured_media":207,"comment_status":"open","ping_status":"closed","template":"","meta":{"site-sidebar-layout":"default","site-content-layout":"","ast-site-content-layout":"default","site-content-style":"default","site-sidebar-style":"default","ast-global-header-display":"","ast-banner-title-visibility":"","ast-main-header-display":"","ast-hfb-above-header-display":"","ast-hfb-below-header-display":"","ast-hfb-mobile-header-display":"","site-post-title":"","ast-breadcrumbs-content":"","ast-featured-img":"","footer-sml-layout":"","theme-transparent-header-meta":"","adv-header-id-meta":"","stick-header-meta":"","header-above-stick-meta":"","header-main-stick-meta":"","header-below-stick-meta":"","astra-migrate-meta-layouts":"default","ast-page-background-enabled":"default","ast-page-background-meta":{"desktop":{"background-color":"var(--ast-global-color-5)","background-image":"","background-repeat":"repeat","background-position":"center center","background-size":"auto","background-attachment":"scroll","background-type":"","background-media":"","overlay-type":"","overlay-color":"","overlay-opacity":"","overlay-gradient":""},"tablet":{"background-color":"","background-image":"","background-repeat":"repeat","background-position":"center center","background-size":"auto","background-attachment":"scroll","background-type":"","background-media":"","overlay-type":"","overlay-color":"","overlay-opacity":"","overlay-gradient":""},"mobile":{"background-color":"","background-image":"","background-repeat":"repeat","background-position":"center center","background-size":"auto","background-attachment":"scroll","background-type":"","background-media":"","overlay-type":"","overlay-color":"","overlay-opacity":"","overlay-gradient":""}},"ast-content-background-meta":{"desktop":{"background-color":"var(--ast-global-color-4)","background-image":"","background-repeat":"repeat","background-position":"center center","background-size":"auto","background-attachment":"scroll","background-type":"","background-media":"","overlay-type":"","overlay-color":"","overlay-opacity":"","overlay-gradient":""},"tablet":{"background-color":"var(--ast-global-color-4)","background-image":"","background-repeat":"repeat","background-position":"center center","background-size":"auto","background-attachment":"scroll","background-type":"","background-media":"","overlay-type":"","overlay-color":"","overlay-opacity":"","overlay-gradient":""},"mobile":{"background-color":"var(--ast-global-color-4)","background-image":"","background-repeat":"repeat","background-position":"center center","background-size":"auto","background-attachment":"scroll","background-type":"","background-media":"","overlay-type":"","overlay-color":"","overlay-opacity":"","overlay-gradient":""}}},"product_brand":[],"product_cat":[18,27],"product_tag":[],"class_list":{"0":"post-209","1":"product","2":"type-product","3":"status-publish","4":"has-post-thumbnail","6":"product_cat-koralowce","7":"product_cat-koralowce-sps","8":"desktop-align-left","9":"tablet-align-left","10":"mobile-align-left","12":"first","13":"outofstock","14":"shipping-taxable","15":"purchasable","16":"product-type-simple","17":"out-of-stock-bw"},"_links":{"self":[{"href":"https:\/\/faunatic.pl\/index.php\/wp-json\/wp\/v2\/product\/209","targetHints":{"allow":["GET"]}}],"collection":[{"href":"https:\/\/faunatic.pl\/index.php\/wp-json\/wp\/v2\/product"}],"about":[{"href":"https:\/\/faunatic.pl\/index.php\/wp-json\/wp\/v2\/types\/product"}],"replies":[{"embeddable":true,"href":"https:\/\/faunatic.pl\/index.php\/wp-json\/wp\/v2\/comments?post=209"}],"wp:featuredmedia":[{"embeddable":true,"href":"https:\/\/faunatic.pl\/index.php\/wp-json\/wp\/v2\/media\/207"}],"wp:attachment":[{"href":"https:\/\/faunatic.pl\/index.php\/wp-json\/wp\/v2\/media?parent=209"}],"wp:term":[{"taxonomy":"product_brand","embeddable":true,"href":"https:\/\/faunatic.pl\/index.php\/wp-json\/wp\/v2\/product_brand?post=209"},{"taxonomy":"product_cat","embeddable":true,"href":"https:\/\/faunatic.pl\/index.php\/wp-json\/wp\/v2\/product_cat?post=209"},{"taxonomy":"product_tag","embeddable":true,"href":"https:\/\/faunatic.pl\/index.php\/wp-json\/wp\/v2\/product_tag?post=209"}],"curies":[{"name":"wp","href":"https:\/\/api.w.org\/{rel}","templated":true}]}}