{"id":196,"date":"2025-11-12T13:18:10","date_gmt":"2025-11-12T12:18:10","guid":{"rendered":"https:\/\/faunatic.pl\/index.php\/produkt\/paguristes-cadenati-red-hermit-crab-krab-czerwononogi\/"},"modified":"2025-12-11T05:40:09","modified_gmt":"2025-12-11T04:40:09","slug":"paguristes-cadenati-red-hermit-crab-krab-czerwononogi","status":"publish","type":"product","link":"https:\/\/faunatic.pl\/index.php\/produkt\/paguristes-cadenati-red-hermit-crab-krab-czerwononogi\/","title":{"rendered":"Paguristes cadenati &#8211; Red hermit crab &#8211; Krab czerwononogi"},"content":{"rendered":"<p>Paguristes cadenati &#8211; Krab czerwononogi &#8211; pustelnik rafowy. Niewielki gatunek pustelnika o jaskrawoczerwonym ciele i \u017c\u00f3\u0142tych szypu\u0142kach ocznych.<\/p>\n<p>Paguristes cadenati  dorasta do d\u0142ugo\u015bci oko\u0142o 3 cm. Ko\u0144czyny i szczypce s\u0105 g\u0142adkie i bezw\u0142ose. Odw\u0142ok jest nieopancerzony. Krab mieszka (chroni si\u0119) w muszlach \u015blimak\u00f3w. Og\u00f3lny kolor jest jaskrawoczerwony, z wyj\u0105tkiem czu\u0142k\u00f3w , kt\u00f3re s\u0105 g\u0142\u0119boko czerwone. Wyd\u0142u\u017cenia szypu\u0142ek ocznych s\u0105 \u017c\u00f3\u0142te lub \u017c\u00f3\u0142topomara\u0144czowe. Rog\u00f3wki oczu s\u0105 \u017c\u00f3\u0142tozielone.<\/p>\n<p>Dystrybucja i siedlisko<br \/>\nTen pustelnik pochodzi z Zatoki Meksyka\u0144skiej i Morza Karaibskiego , a jego zasi\u0119g obejmuje po\u0142udniow\u0105 Floryd\u0119 i Antyle . Wyst\u0119puje na rafach koralowych na g\u0142\u0119boko\u015bci od strefy p\u0142yw\u00f3w do oko\u0142o 80m.<\/p>\n<p>Ekologia<br \/>\nCzerwony krab pustelnik rafowy jest padlino\u017cerc\u0105, \u017cywi\u0105cym si\u0119 szcz\u0105tkami zwierz\u0119cymi i ro\u015blinnymi. U tego gatunku wyst\u0119puj\u0105 rozr\u00f3\u017cnienia p\u0142ciowe, a rozmna\u017ca si\u0119 on przez ca\u0142y rok. Jaja s\u0105 pomara\u0144czowe i wyl\u0119gaj\u0105 si\u0119 z nich larwy planktonowe. Po opadni\u0119ciu na dno morskie m\u0142ode kraby pustelniki musz\u0105 poszuka\u0107 odpowiedniej muszli. <\/p>\n<p>Ten pustelnik nadaje si\u0119 do akwarium rafowego przyjaznego bezkr\u0119gowcom , w kt\u00f3rym zjada glony, w tym glony nitkowate, nitkowate i \u015bluzowate, a tak\u017ce sinice i jest przydatny w utrzymaniu czysto\u015bci zbiornika.<\/p>\n","protected":false},"excerpt":{"rendered":"<p>Dostawa 18.11.2025<\/p>\n","protected":false},"featured_media":194,"comment_status":"open","ping_status":"closed","template":"","meta":{"site-sidebar-layout":"default","site-content-layout":"","ast-site-content-layout":"default","site-content-style":"default","site-sidebar-style":"default","ast-global-header-display":"","ast-banner-title-visibility":"","ast-main-header-display":"","ast-hfb-above-header-display":"","ast-hfb-below-header-display":"","ast-hfb-mobile-header-display":"","site-post-title":"","ast-breadcrumbs-content":"","ast-featured-img":"","footer-sml-layout":"","theme-transparent-header-meta":"","adv-header-id-meta":"","stick-header-meta":"","header-above-stick-meta":"","header-main-stick-meta":"","header-below-stick-meta":"","astra-migrate-meta-layouts":"default","ast-page-background-enabled":"default","ast-page-background-meta":{"desktop":{"background-color":"var(--ast-global-color-5)","background-image":"","background-repeat":"repeat","background-position":"center center","background-size":"auto","background-attachment":"scroll","background-type":"","background-media":"","overlay-type":"","overlay-color":"","overlay-opacity":"","overlay-gradient":""},"tablet":{"background-color":"","background-image":"","background-repeat":"repeat","background-position":"center center","background-size":"auto","background-attachment":"scroll","background-type":"","background-media":"","overlay-type":"","overlay-color":"","overlay-opacity":"","overlay-gradient":""},"mobile":{"background-color":"","background-image":"","background-repeat":"repeat","background-position":"center center","background-size":"auto","background-attachment":"scroll","background-type":"","background-media":"","overlay-type":"","overlay-color":"","overlay-opacity":"","overlay-gradient":""}},"ast-content-background-meta":{"desktop":{"background-color":"var(--ast-global-color-4)","background-image":"","background-repeat":"repeat","background-position":"center center","background-size":"auto","background-attachment":"scroll","background-type":"","background-media":"","overlay-type":"","overlay-color":"","overlay-opacity":"","overlay-gradient":""},"tablet":{"background-color":"var(--ast-global-color-4)","background-image":"","background-repeat":"repeat","background-position":"center center","background-size":"auto","background-attachment":"scroll","background-type":"","background-media":"","overlay-type":"","overlay-color":"","overlay-opacity":"","overlay-gradient":""},"mobile":{"background-color":"var(--ast-global-color-4)","background-image":"","background-repeat":"repeat","background-position":"center center","background-size":"auto","background-attachment":"scroll","background-type":"","background-media":"","overlay-type":"","overlay-color":"","overlay-opacity":"","overlay-gradient":""}}},"product_brand":[],"product_cat":[20,30],"product_tag":[],"class_list":{"0":"post-196","1":"product","2":"type-product","3":"status-publish","4":"has-post-thumbnail","6":"product_cat-bezkregowce","7":"product_cat-kraby","8":"desktop-align-left","9":"tablet-align-left","10":"mobile-align-left","12":"first","13":"instock","14":"shipping-taxable","15":"purchasable","16":"product-type-simple"},"_links":{"self":[{"href":"https:\/\/faunatic.pl\/index.php\/wp-json\/wp\/v2\/product\/196","targetHints":{"allow":["GET"]}}],"collection":[{"href":"https:\/\/faunatic.pl\/index.php\/wp-json\/wp\/v2\/product"}],"about":[{"href":"https:\/\/faunatic.pl\/index.php\/wp-json\/wp\/v2\/types\/product"}],"replies":[{"embeddable":true,"href":"https:\/\/faunatic.pl\/index.php\/wp-json\/wp\/v2\/comments?post=196"}],"wp:featuredmedia":[{"embeddable":true,"href":"https:\/\/faunatic.pl\/index.php\/wp-json\/wp\/v2\/media\/194"}],"wp:attachment":[{"href":"https:\/\/faunatic.pl\/index.php\/wp-json\/wp\/v2\/media?parent=196"}],"wp:term":[{"taxonomy":"product_brand","embeddable":true,"href":"https:\/\/faunatic.pl\/index.php\/wp-json\/wp\/v2\/product_brand?post=196"},{"taxonomy":"product_cat","embeddable":true,"href":"https:\/\/faunatic.pl\/index.php\/wp-json\/wp\/v2\/product_cat?post=196"},{"taxonomy":"product_tag","embeddable":true,"href":"https:\/\/faunatic.pl\/index.php\/wp-json\/wp\/v2\/product_tag?post=196"}],"curies":[{"name":"wp","href":"https:\/\/api.w.org\/{rel}","templated":true}]}}