{"id":188,"date":"2025-11-12T13:17:11","date_gmt":"2025-11-12T12:17:11","guid":{"rendered":"https:\/\/faunatic.pl\/index.php\/produkt\/sphaeramia-nematoptera-apogon-pizamka\/"},"modified":"2026-03-04T08:43:08","modified_gmt":"2026-03-04T07:43:08","slug":"sphaeramia-nematoptera-apogon-pizamka","status":"publish","type":"product","link":"https:\/\/faunatic.pl\/index.php\/produkt\/sphaeramia-nematoptera-apogon-pizamka\/","title":{"rendered":"Sphaeramia nematoptera &#8211; Apogon Pi\u017camka"},"content":{"rendered":"<p>Odbi\u00f3r osobisty, Bia\u0142ystok &#8211; Klepacze &#8211; woj. Podlaskie<br \/>\nMo\u017cliwa wysy\u0142ka PKP &#8211; po\u0142\u0105czenia bezpo\u015brednie z Bia\u0142egostoku. Minimalne zam\u00f3wienie 600z\u0142. Koszt wysy\u0142ki 40z\u0142 (Styrobox + Heatpack 24h).<br \/>\nMo\u017cliwa wysy\u0142ka UPS Live Animals  &#8211; dostawa nast\u0119pnego dnia do godz. 12:00 (koszt 50 z\u0142)<\/p>\n<p>Sphaeramia nematoptera &#8211; Pyjama Cardinalfish &#8211;  Polska potoczna nazwa Apogon pi\u017camka pochodzi od wygl\u0105du tylnej cz\u0119\u015bci cia\u0142a, kt\u00f3ra kojarzy si\u0119 z pi\u017cam\u0105 w grochy &#8211; gatunek ryby z rodziny apogonowatych (Apogonidae). <\/p>\n<p>Wyst\u0119powanie<br \/>\nZachodni Ocean Spokojny od Jawy na wsch\u00f3d po Fid\u017ci na zach\u00f3d i od Wielkiej Rafy Barierowej na po\u0142udnie po Wyspy Riukiu na p\u00f3\u0142noc. Niedawno odnotowany na Wyspach Tonga.<\/p>\n<p>\u017byje na rafach koralowych, w zacisznych zatokach i lagunach na g\u0142\u0119boko\u015bci 1\u201314 m. W dzie\u0144 przebywa w grupach mi\u0119dzy ga\u0142\u0119ziami koralowc\u00f3w z gatunk\u00f3w Porites nigrescens i Porites cylindrica, w nocy stadka rozpraszaj\u0105 si\u0119 w poszukiwaniu pokarmu.<\/p>\n<p>Wygl\u0105d:<br \/>\nDorasta do 8,5 cm d\u0142ugo\u015bci. Ubarwienie charakterystyczne. Przez \u015brodek cia\u0142a biegnie szeroka, czarna, poprzeczna pr\u0119ga, ty\u0142 cia\u0142a jasny z okr\u0105g\u0142ymi br\u0105zowymi plamkami, prz\u00f3d cia\u0142a \u017c\u00f3\u0142ty, t\u0119cz\u00f3wka czerwona.<\/p>\n<p>Od\u017cywianie<br \/>\n\u017beruje noc\u0105, \u017cywi si\u0119 faun\u0105 denn\u0105.<\/p>\n","protected":false},"excerpt":{"rendered":"<p>Dostawa 18.11.2025<\/p>\n","protected":false},"featured_media":187,"comment_status":"open","ping_status":"closed","template":"","meta":{"site-sidebar-layout":"default","site-content-layout":"","ast-site-content-layout":"default","site-content-style":"default","site-sidebar-style":"default","ast-global-header-display":"","ast-banner-title-visibility":"","ast-main-header-display":"","ast-hfb-above-header-display":"","ast-hfb-below-header-display":"","ast-hfb-mobile-header-display":"","site-post-title":"","ast-breadcrumbs-content":"","ast-featured-img":"","footer-sml-layout":"","theme-transparent-header-meta":"","adv-header-id-meta":"","stick-header-meta":"","header-above-stick-meta":"","header-main-stick-meta":"","header-below-stick-meta":"","astra-migrate-meta-layouts":"default","ast-page-background-enabled":"default","ast-page-background-meta":{"desktop":{"background-color":"var(--ast-global-color-5)","background-image":"","background-repeat":"repeat","background-position":"center center","background-size":"auto","background-attachment":"scroll","background-type":"","background-media":"","overlay-type":"","overlay-color":"","overlay-opacity":"","overlay-gradient":""},"tablet":{"background-color":"","background-image":"","background-repeat":"repeat","background-position":"center center","background-size":"auto","background-attachment":"scroll","background-type":"","background-media":"","overlay-type":"","overlay-color":"","overlay-opacity":"","overlay-gradient":""},"mobile":{"background-color":"","background-image":"","background-repeat":"repeat","background-position":"center center","background-size":"auto","background-attachment":"scroll","background-type":"","background-media":"","overlay-type":"","overlay-color":"","overlay-opacity":"","overlay-gradient":""}},"ast-content-background-meta":{"desktop":{"background-color":"var(--ast-global-color-4)","background-image":"","background-repeat":"repeat","background-position":"center center","background-size":"auto","background-attachment":"scroll","background-type":"","background-media":"","overlay-type":"","overlay-color":"","overlay-opacity":"","overlay-gradient":""},"tablet":{"background-color":"var(--ast-global-color-4)","background-image":"","background-repeat":"repeat","background-position":"center center","background-size":"auto","background-attachment":"scroll","background-type":"","background-media":"","overlay-type":"","overlay-color":"","overlay-opacity":"","overlay-gradient":""},"mobile":{"background-color":"var(--ast-global-color-4)","background-image":"","background-repeat":"repeat","background-position":"center center","background-size":"auto","background-attachment":"scroll","background-type":"","background-media":"","overlay-type":"","overlay-color":"","overlay-opacity":"","overlay-gradient":""}}},"product_brand":[],"product_cat":[19],"product_tag":[],"class_list":{"0":"post-188","1":"product","2":"type-product","3":"status-publish","4":"has-post-thumbnail","6":"product_cat-ryby","7":"desktop-align-left","8":"tablet-align-left","9":"mobile-align-left","11":"first","12":"instock","13":"shipping-taxable","14":"purchasable","15":"product-type-simple"},"_links":{"self":[{"href":"https:\/\/faunatic.pl\/index.php\/wp-json\/wp\/v2\/product\/188","targetHints":{"allow":["GET"]}}],"collection":[{"href":"https:\/\/faunatic.pl\/index.php\/wp-json\/wp\/v2\/product"}],"about":[{"href":"https:\/\/faunatic.pl\/index.php\/wp-json\/wp\/v2\/types\/product"}],"replies":[{"embeddable":true,"href":"https:\/\/faunatic.pl\/index.php\/wp-json\/wp\/v2\/comments?post=188"}],"wp:featuredmedia":[{"embeddable":true,"href":"https:\/\/faunatic.pl\/index.php\/wp-json\/wp\/v2\/media\/187"}],"wp:attachment":[{"href":"https:\/\/faunatic.pl\/index.php\/wp-json\/wp\/v2\/media?parent=188"}],"wp:term":[{"taxonomy":"product_brand","embeddable":true,"href":"https:\/\/faunatic.pl\/index.php\/wp-json\/wp\/v2\/product_brand?post=188"},{"taxonomy":"product_cat","embeddable":true,"href":"https:\/\/faunatic.pl\/index.php\/wp-json\/wp\/v2\/product_cat?post=188"},{"taxonomy":"product_tag","embeddable":true,"href":"https:\/\/faunatic.pl\/index.php\/wp-json\/wp\/v2\/product_tag?post=188"}],"curies":[{"name":"wp","href":"https:\/\/api.w.org\/{rel}","templated":true}]}}