{"id":183,"date":"2025-11-12T13:17:07","date_gmt":"2025-11-12T12:17:07","guid":{"rendered":"https:\/\/faunatic.pl\/index.php\/produkt\/amphiprion-milii\/"},"modified":"2026-03-30T17:25:12","modified_gmt":"2026-03-30T15:25:12","slug":"amphiprion-milii","status":"publish","type":"product","link":"https:\/\/faunatic.pl\/index.php\/produkt\/amphiprion-milii\/","title":{"rendered":"Amphiprion Milii"},"content":{"rendered":"<p>Odbi\u00f3r osobisty, Bia\u0142ystok &#8211; Klepacze &#8211; woj. Podlaskie<br \/>\nMo\u017cliwa wysy\u0142ka PKP &#8211; po\u0142\u0105czenia bezpo\u015brednie z Bia\u0142egostoku. Minimalne zam\u00f3wienie 600z\u0142. Koszt wysy\u0142ki 40z\u0142 (Styrobox + Heatpack 24h).<br \/>\nMo\u017cliwa wysy\u0142ka UPS Live Animals  &#8211; dostawa nast\u0119pnego dnia do godz. 12:00 (koszt 50 z\u0142)<\/p>\n<p>Amphiprion Milii <\/p>\n<p>Wyst\u0119powanie: Zachodnia i p\u00f3\u0142nocna Australia. Dok\u0142adny zasi\u0119g wyst\u0119powania tej ryby w p\u00f3\u0142nocnych rejonach Australii nie jest dobrze poznany. Na wsch\u00f3d od Darwin pozostaje ona nieznana, ale mo\u017cna si\u0119 spodziewa\u0107 jej wyst\u0119powania w niewielkich ilo\u015bciach.<\/p>\n<p>Wygl\u0105d: Na ciele znajduje si\u0119 para szerokich bia\u0142ych lub jasnoniebieskich pas\u00f3w. P\u0142etwa ogonowa jest \u017c\u00f3\u0142ta, ewentualnie z bia\u0142\u0105 podstaw\u0105, a jej granica, je\u015bli cia\u0142o jest czarne, jest zazwyczaj ostra. Pozosta\u0142e p\u0142etwy s\u0105 zmienne \u2013 od czarnych do \u017c\u00f3\u0142topomara\u0144czowych. Wariant pomara\u0144czowy mo\u017ce mie\u0107 ciemn\u0105 plam\u0119 za drugim bia\u0142ym pasem.<\/p>\n<p>Samce tego gatunku mog\u0105 dorasta\u0107 do 10 cm, a samice do 15 cm, ale cz\u0119sto obserwuje si\u0119 osobniki mniejsze. Zmiana p\u0142ci nast\u0119puje w ci\u0105gu 5-6 miesi\u0119cy. Ryby mo\u017cna spotka\u0107 \u017cyj\u0105ce w symbiozie z ukwia\u0142ami: Cryptodendrum adhaesivum, Entacmaea quadricolor, Heteractis aurora, Heteractis crispa, Heteractis magnifica, Heteractis malu, Macrodactyla doreensis, Stichodactyla gigantea, Stichodactyla haddoni i Stichodactyla mertensii.<\/p>\n<p>Karmienie<br \/>\nPodobnie jak wszystkie ryby b\u0142azenkowate, Amphiprion Milii jest wszystko\u017cerny, a jego dieta opiera si\u0119 g\u0142\u00f3wnie na zooplanktonie, ma\u0142ych skorupiakach i glonach.<\/p>\n<p>Wideo z ryb\u0105 w naturalnym \u015brodowisku: https:\/\/www.youtube.com\/watch?v=hgASih-nLmQ<\/p>\n","protected":false},"excerpt":{"rendered":"<p>Dostawa 18.11.2025<\/p>\n","protected":false},"featured_media":422,"comment_status":"open","ping_status":"closed","template":"","meta":{"site-sidebar-layout":"default","site-content-layout":"","ast-site-content-layout":"default","site-content-style":"default","site-sidebar-style":"default","ast-global-header-display":"","ast-banner-title-visibility":"","ast-main-header-display":"","ast-hfb-above-header-display":"","ast-hfb-below-header-display":"","ast-hfb-mobile-header-display":"","site-post-title":"","ast-breadcrumbs-content":"","ast-featured-img":"","footer-sml-layout":"","theme-transparent-header-meta":"","adv-header-id-meta":"","stick-header-meta":"","header-above-stick-meta":"","header-main-stick-meta":"","header-below-stick-meta":"","astra-migrate-meta-layouts":"default","ast-page-background-enabled":"default","ast-page-background-meta":{"desktop":{"background-color":"var(--ast-global-color-5)","background-image":"","background-repeat":"repeat","background-position":"center center","background-size":"auto","background-attachment":"scroll","background-type":"","background-media":"","overlay-type":"","overlay-color":"","overlay-opacity":"","overlay-gradient":""},"tablet":{"background-color":"","background-image":"","background-repeat":"repeat","background-position":"center center","background-size":"auto","background-attachment":"scroll","background-type":"","background-media":"","overlay-type":"","overlay-color":"","overlay-opacity":"","overlay-gradient":""},"mobile":{"background-color":"","background-image":"","background-repeat":"repeat","background-position":"center center","background-size":"auto","background-attachment":"scroll","background-type":"","background-media":"","overlay-type":"","overlay-color":"","overlay-opacity":"","overlay-gradient":""}},"ast-content-background-meta":{"desktop":{"background-color":"var(--ast-global-color-4)","background-image":"","background-repeat":"repeat","background-position":"center center","background-size":"auto","background-attachment":"scroll","background-type":"","background-media":"","overlay-type":"","overlay-color":"","overlay-opacity":"","overlay-gradient":""},"tablet":{"background-color":"var(--ast-global-color-4)","background-image":"","background-repeat":"repeat","background-position":"center center","background-size":"auto","background-attachment":"scroll","background-type":"","background-media":"","overlay-type":"","overlay-color":"","overlay-opacity":"","overlay-gradient":""},"mobile":{"background-color":"var(--ast-global-color-4)","background-image":"","background-repeat":"repeat","background-position":"center center","background-size":"auto","background-attachment":"scroll","background-type":"","background-media":"","overlay-type":"","overlay-color":"","overlay-opacity":"","overlay-gradient":""}}},"product_brand":[],"product_cat":[19],"product_tag":[],"class_list":{"0":"post-183","1":"product","2":"type-product","3":"status-publish","4":"has-post-thumbnail","6":"product_cat-ryby","7":"desktop-align-left","8":"tablet-align-left","9":"mobile-align-left","11":"first","12":"instock","13":"shipping-taxable","14":"purchasable","15":"product-type-simple"},"_links":{"self":[{"href":"https:\/\/faunatic.pl\/index.php\/wp-json\/wp\/v2\/product\/183","targetHints":{"allow":["GET"]}}],"collection":[{"href":"https:\/\/faunatic.pl\/index.php\/wp-json\/wp\/v2\/product"}],"about":[{"href":"https:\/\/faunatic.pl\/index.php\/wp-json\/wp\/v2\/types\/product"}],"replies":[{"embeddable":true,"href":"https:\/\/faunatic.pl\/index.php\/wp-json\/wp\/v2\/comments?post=183"}],"wp:featuredmedia":[{"embeddable":true,"href":"https:\/\/faunatic.pl\/index.php\/wp-json\/wp\/v2\/media\/422"}],"wp:attachment":[{"href":"https:\/\/faunatic.pl\/index.php\/wp-json\/wp\/v2\/media?parent=183"}],"wp:term":[{"taxonomy":"product_brand","embeddable":true,"href":"https:\/\/faunatic.pl\/index.php\/wp-json\/wp\/v2\/product_brand?post=183"},{"taxonomy":"product_cat","embeddable":true,"href":"https:\/\/faunatic.pl\/index.php\/wp-json\/wp\/v2\/product_cat?post=183"},{"taxonomy":"product_tag","embeddable":true,"href":"https:\/\/faunatic.pl\/index.php\/wp-json\/wp\/v2\/product_tag?post=183"}],"curies":[{"name":"wp","href":"https:\/\/api.w.org\/{rel}","templated":true}]}}