{"id":180,"date":"2025-11-12T13:17:05","date_gmt":"2025-11-12T12:17:05","guid":{"rendered":"https:\/\/faunatic.pl\/index.php\/produkt\/amphiprion-sandaracinos-skunk-clownfish\/"},"modified":"2025-11-12T13:17:29","modified_gmt":"2025-11-12T12:17:29","slug":"amphiprion-sandaracinos-skunk-clownfish","status":"publish","type":"product","link":"https:\/\/faunatic.pl\/index.php\/produkt\/amphiprion-sandaracinos-skunk-clownfish\/","title":{"rendered":"Amphiprion sandaracinos &#8211; Skunk Clownfish"},"content":{"rendered":"<p>Odbi\u00f3r osobisty, Bia\u0142ystok &#8211; Klepacze &#8211; woj. Podlaskie<br \/>\nMo\u017cliwa wysy\u0142ka PKP &#8211; po\u0142\u0105czenia bezpo\u015brednie z Bia\u0142egostoku. Minimalne zam\u00f3wienie 600z\u0142. Koszt wysy\u0142ki 40z\u0142 (Styrobox + Heatpack 24h).<br \/>\nMo\u017cliwa wysy\u0142ka UPS Live Animals  &#8211; dostawa nast\u0119pnego dnia do godz. 12:00 (koszt 50 z\u0142)<\/p>\n<p>Amphiprion sandaracinos jest jedn\u0105 z mniejszych ryb &#8222;b\u0142azenkowatych&#8221;.<\/p>\n<p>Wyst\u0119puje w centralnej cz\u0119\u015bci obszaru Indo-Pacyfiku, znanego jako Tr\u00f3jk\u0105t Koralowy, od Filipin po Indonezj\u0119 i Now\u0105 Gwine\u0119. Wyst\u0119puje r\u00f3wnie\u017c w p\u00f3\u0142nocno-zachodniej Australii, na Wyspie Bo\u017cego Narodzenia, w Melanezji i na Wyspach Riukiu w po\u0142udniowej Japonii . Amphiprion sandaracinos zazwyczaj \u017cyje w ma\u0142ych grupach na zewn\u0119trznych zboczach raf lub w lagunach na maksymalnej g\u0142\u0119boko\u015bci 20 metr\u00f3w.<\/p>\n<p>Samice dorastaj\u0105 do 11 cm. Samce do 6,5 cm.<br \/>\nCia\u0142o ma wygl\u0105d kr\u0119py, owalny, sp\u0142aszczone bocznie i o okr\u0105g\u0142ym profilu. Ubarwienie jest jaskrawo pomara\u0144czowe, z bia\u0142ym paskiem na grzbiecie od g\u00f3rnej wargi, przechodz\u0105cym mi\u0119dzy oczami i ko\u0144cz\u0105cym si\u0119 u nasady p\u0142etwy ogonowej. Wszystkie p\u0142etwy maj\u0105 takie samo ubarwienie jak cia\u0142o, z wyj\u0105tkiem p\u0142etwy grzbietowej, kt\u00f3ra jest cz\u0119\u015bciowo bia\u0142a. <\/p>\n<p>Karmienie<br \/>\nPodobnie jak wszystkie ryby b\u0142azenkowate, Amphiprion sandaracinos jest wszystko\u017cerny , a jego dieta opiera si\u0119 g\u0142\u00f3wnie na zooplanktonie, ma\u0142ych skorupiakach i glonach.<\/p>\n","protected":false},"excerpt":{"rendered":"<p>Dostawa 18.11.2025<\/p>\n","protected":false},"featured_media":179,"comment_status":"open","ping_status":"closed","template":"","meta":{"site-sidebar-layout":"default","site-content-layout":"","ast-site-content-layout":"default","site-content-style":"default","site-sidebar-style":"default","ast-global-header-display":"","ast-banner-title-visibility":"","ast-main-header-display":"","ast-hfb-above-header-display":"","ast-hfb-below-header-display":"","ast-hfb-mobile-header-display":"","site-post-title":"","ast-breadcrumbs-content":"","ast-featured-img":"","footer-sml-layout":"","theme-transparent-header-meta":"","adv-header-id-meta":"","stick-header-meta":"","header-above-stick-meta":"","header-main-stick-meta":"","header-below-stick-meta":"","astra-migrate-meta-layouts":"default","ast-page-background-enabled":"default","ast-page-background-meta":{"desktop":{"background-color":"var(--ast-global-color-5)","background-image":"","background-repeat":"repeat","background-position":"center center","background-size":"auto","background-attachment":"scroll","background-type":"","background-media":"","overlay-type":"","overlay-color":"","overlay-opacity":"","overlay-gradient":""},"tablet":{"background-color":"","background-image":"","background-repeat":"repeat","background-position":"center center","background-size":"auto","background-attachment":"scroll","background-type":"","background-media":"","overlay-type":"","overlay-color":"","overlay-opacity":"","overlay-gradient":""},"mobile":{"background-color":"","background-image":"","background-repeat":"repeat","background-position":"center center","background-size":"auto","background-attachment":"scroll","background-type":"","background-media":"","overlay-type":"","overlay-color":"","overlay-opacity":"","overlay-gradient":""}},"ast-content-background-meta":{"desktop":{"background-color":"var(--ast-global-color-4)","background-image":"","background-repeat":"repeat","background-position":"center center","background-size":"auto","background-attachment":"scroll","background-type":"","background-media":"","overlay-type":"","overlay-color":"","overlay-opacity":"","overlay-gradient":""},"tablet":{"background-color":"var(--ast-global-color-4)","background-image":"","background-repeat":"repeat","background-position":"center center","background-size":"auto","background-attachment":"scroll","background-type":"","background-media":"","overlay-type":"","overlay-color":"","overlay-opacity":"","overlay-gradient":""},"mobile":{"background-color":"var(--ast-global-color-4)","background-image":"","background-repeat":"repeat","background-position":"center center","background-size":"auto","background-attachment":"scroll","background-type":"","background-media":"","overlay-type":"","overlay-color":"","overlay-opacity":"","overlay-gradient":""}}},"product_brand":[],"product_cat":[19],"product_tag":[],"class_list":{"0":"post-180","1":"product","2":"type-product","3":"status-publish","4":"has-post-thumbnail","6":"product_cat-ryby","7":"desktop-align-left","8":"tablet-align-left","9":"mobile-align-left","11":"first","12":"instock","13":"shipping-taxable","14":"purchasable","15":"product-type-simple"},"_links":{"self":[{"href":"https:\/\/faunatic.pl\/index.php\/wp-json\/wp\/v2\/product\/180","targetHints":{"allow":["GET"]}}],"collection":[{"href":"https:\/\/faunatic.pl\/index.php\/wp-json\/wp\/v2\/product"}],"about":[{"href":"https:\/\/faunatic.pl\/index.php\/wp-json\/wp\/v2\/types\/product"}],"replies":[{"embeddable":true,"href":"https:\/\/faunatic.pl\/index.php\/wp-json\/wp\/v2\/comments?post=180"}],"wp:featuredmedia":[{"embeddable":true,"href":"https:\/\/faunatic.pl\/index.php\/wp-json\/wp\/v2\/media\/179"}],"wp:attachment":[{"href":"https:\/\/faunatic.pl\/index.php\/wp-json\/wp\/v2\/media?parent=180"}],"wp:term":[{"taxonomy":"product_brand","embeddable":true,"href":"https:\/\/faunatic.pl\/index.php\/wp-json\/wp\/v2\/product_brand?post=180"},{"taxonomy":"product_cat","embeddable":true,"href":"https:\/\/faunatic.pl\/index.php\/wp-json\/wp\/v2\/product_cat?post=180"},{"taxonomy":"product_tag","embeddable":true,"href":"https:\/\/faunatic.pl\/index.php\/wp-json\/wp\/v2\/product_tag?post=180"}],"curies":[{"name":"wp","href":"https:\/\/api.w.org\/{rel}","templated":true}]}}