{"id":135,"date":"2025-11-07T15:17:43","date_gmt":"2025-11-07T14:17:43","guid":{"rendered":"https:\/\/faunatic.pl\/index.php\/produkt\/lysmata-wurdemanni-m\/"},"modified":"2026-03-19T08:18:25","modified_gmt":"2026-03-19T07:18:25","slug":"lysmata-wurdemanni","status":"publish","type":"product","link":"https:\/\/faunatic.pl\/index.php\/produkt\/lysmata-wurdemanni\/","title":{"rendered":"Lysmata wurdemanni"},"content":{"rendered":"<p>Krewetki s\u0105 po 2 tygodniowej aklimatyzacji. Rozmiar M<\/p>\n<p>Odbi\u00f3r osobisty, Bia\u0142ystok &#8211; Klepacze &#8211; woj. Podlaskie<br \/>\nMo\u017cliwa wysy\u0142ka PKP &#8211; po\u0142\u0105czenia bezpo\u015brednie z Bia\u0142egostoku. Minimalne zam\u00f3wienie 400z\u0142. Koszt wysy\u0142ki 40z\u0142 (Styrobox + Heatpack 24h).<br \/>\nNa \u017cyczenie i odpowiedzialno\u015b\u0107 kupuj\u0105cego, mo\u017cliwa wysy\u0142ka UPS Expres Saver &#8211; dostawa nast\u0119pnego dnia do godz. 12:00 (koszt 40 z\u0142)<\/p>\n<p>Lysmata wurdemanni, znana r\u00f3wnie\u017c jako krewetka czyszcz\u0105ca, to niezwykle warto\u015bciowy dodatek do ka\u017cdego akwarium ze wzgl\u0119du na swoje unikalne cechy i zachowania. Ta ma\u0142a, aktywna krewetka nie tylko dodaje koloru i \u017cycia do podwodnego \u015brodowiska, ale r\u00f3wnie\u017c skutecznie pomaga w utrzymaniu czysto\u015bci w zbiorniku. Lysmata wurdemanni jest znana z tego, \u017ce \u017cywi si\u0119 paso\u017cytami, takimi jak glony i inne organiczne resztki, co przyczynia si\u0119 do zdrowia zar\u00f3wno ryb, jak i innych mieszka\u0144c\u00f3w akwarium.<\/p>\n<p>Krewetki te s\u0105 wyj\u0105tkowo towarzyskie i mog\u0105 koegzystowa\u0107 z r\u00f3\u017cnorodnymi gatunkami ryb. Ich zalet\u0105 jest \u0142agodny temperament oraz zdolno\u015b\u0107 do adaptacji w r\u00f3\u017cnych warunkach \u015brodowiskowych. Lysmata wurdemanni preferuje ska\u0142y i kryj\u00f3wki w akwarium, a jej obecno\u015b\u0107 mo\u017ce by\u0107 tak\u017ce wskaz\u00f3wk\u0105 dla w\u0142a\u015bcicieli, \u017ce ich akwarium funkcjonuje prawid\u0142owo.<\/p>\n<p>Warto\u015bciowe informacje dotycz\u0105ce piel\u0119gnacji tej krewetki obejmuj\u0105 utrzymywanie w\u0142a\u015bciwych parametr\u00f3w wody, takich jak temperatura i pH, co ma kluczowe znaczenie dla ich zdrowia i dobrostanu. Zainwestuj w Lysmata wurdemanni, aby obok estetyki akwarium, r\u00f3wnie\u017c wprowadzi\u0107 do niego rozwi\u0105zanie naturalnej kontroli czysto\u015bci.<\/p>\n","protected":false},"excerpt":{"rendered":"<p>Krewetki s\u0105 po 2 tygodniowej aklimatyzacji. Rozmiar M Odbi\u00f3r osobisty, Bia\u0142ystok &#8211; Klepacze &#8211; woj. Podlaskie Mo\u017cliwa wysy\u0142ka PKP &#8211; [&hellip;]<\/p>\n","protected":false},"featured_media":133,"comment_status":"open","ping_status":"closed","template":"","meta":{"site-sidebar-layout":"default","site-content-layout":"","ast-site-content-layout":"default","site-content-style":"default","site-sidebar-style":"default","ast-global-header-display":"","ast-banner-title-visibility":"","ast-main-header-display":"","ast-hfb-above-header-display":"","ast-hfb-below-header-display":"","ast-hfb-mobile-header-display":"","site-post-title":"","ast-breadcrumbs-content":"","ast-featured-img":"","footer-sml-layout":"","theme-transparent-header-meta":"","adv-header-id-meta":"","stick-header-meta":"","header-above-stick-meta":"","header-main-stick-meta":"","header-below-stick-meta":"","astra-migrate-meta-layouts":"default","ast-page-background-enabled":"default","ast-page-background-meta":{"desktop":{"background-color":"var(--ast-global-color-5)","background-image":"","background-repeat":"repeat","background-position":"center center","background-size":"auto","background-attachment":"scroll","background-type":"","background-media":"","overlay-type":"","overlay-color":"","overlay-opacity":"","overlay-gradient":""},"tablet":{"background-color":"","background-image":"","background-repeat":"repeat","background-position":"center center","background-size":"auto","background-attachment":"scroll","background-type":"","background-media":"","overlay-type":"","overlay-color":"","overlay-opacity":"","overlay-gradient":""},"mobile":{"background-color":"","background-image":"","background-repeat":"repeat","background-position":"center center","background-size":"auto","background-attachment":"scroll","background-type":"","background-media":"","overlay-type":"","overlay-color":"","overlay-opacity":"","overlay-gradient":""}},"ast-content-background-meta":{"desktop":{"background-color":"var(--ast-global-color-4)","background-image":"","background-repeat":"repeat","background-position":"center center","background-size":"auto","background-attachment":"scroll","background-type":"","background-media":"","overlay-type":"","overlay-color":"","overlay-opacity":"","overlay-gradient":""},"tablet":{"background-color":"var(--ast-global-color-4)","background-image":"","background-repeat":"repeat","background-position":"center center","background-size":"auto","background-attachment":"scroll","background-type":"","background-media":"","overlay-type":"","overlay-color":"","overlay-opacity":"","overlay-gradient":""},"mobile":{"background-color":"var(--ast-global-color-4)","background-image":"","background-repeat":"repeat","background-position":"center center","background-size":"auto","background-attachment":"scroll","background-type":"","background-media":"","overlay-type":"","overlay-color":"","overlay-opacity":"","overlay-gradient":""}}},"product_brand":[],"product_cat":[20,22],"product_tag":[],"class_list":{"0":"post-135","1":"product","2":"type-product","3":"status-publish","4":"has-post-thumbnail","6":"product_cat-bezkregowce","7":"product_cat-krewetki","8":"desktop-align-left","9":"tablet-align-left","10":"mobile-align-left","12":"first","13":"instock","14":"shipping-taxable","15":"purchasable","16":"product-type-simple"},"_links":{"self":[{"href":"https:\/\/faunatic.pl\/index.php\/wp-json\/wp\/v2\/product\/135","targetHints":{"allow":["GET"]}}],"collection":[{"href":"https:\/\/faunatic.pl\/index.php\/wp-json\/wp\/v2\/product"}],"about":[{"href":"https:\/\/faunatic.pl\/index.php\/wp-json\/wp\/v2\/types\/product"}],"replies":[{"embeddable":true,"href":"https:\/\/faunatic.pl\/index.php\/wp-json\/wp\/v2\/comments?post=135"}],"wp:featuredmedia":[{"embeddable":true,"href":"https:\/\/faunatic.pl\/index.php\/wp-json\/wp\/v2\/media\/133"}],"wp:attachment":[{"href":"https:\/\/faunatic.pl\/index.php\/wp-json\/wp\/v2\/media?parent=135"}],"wp:term":[{"taxonomy":"product_brand","embeddable":true,"href":"https:\/\/faunatic.pl\/index.php\/wp-json\/wp\/v2\/product_brand?post=135"},{"taxonomy":"product_cat","embeddable":true,"href":"https:\/\/faunatic.pl\/index.php\/wp-json\/wp\/v2\/product_cat?post=135"},{"taxonomy":"product_tag","embeddable":true,"href":"https:\/\/faunatic.pl\/index.php\/wp-json\/wp\/v2\/product_tag?post=135"}],"curies":[{"name":"wp","href":"https:\/\/api.w.org\/{rel}","templated":true}]}}