{"id":132,"date":"2025-11-07T15:17:41","date_gmt":"2025-11-07T14:17:41","guid":{"rendered":"https:\/\/faunatic.pl\/index.php\/produkt\/acreichthys-tomentosus-brzydal-m\/"},"modified":"2026-03-18T05:11:11","modified_gmt":"2026-03-18T04:11:11","slug":"acreichthys-tomentosus-brzydal","status":"publish","type":"product","link":"https:\/\/faunatic.pl\/index.php\/produkt\/acreichthys-tomentosus-brzydal\/","title":{"rendered":"Acreichthys tomentosus &#8211; Brzydal"},"content":{"rendered":"<p>Ryby po 2 tygodniowej aklimatyzacji. Pobieraj\u0105 mro\u017cony i suchy pokarm.<br \/>\nRozmiar M &#8211; ok 6cm<\/p>\n<p>Odbi\u00f3r osobisty, Bia\u0142ystok &#8211; Klepacze &#8211; woj. Podlaskie<br \/>\nMo\u017cliwa wysy\u0142ka PKP &#8211; po\u0142\u0105czenia bezpo\u015brednie z Bia\u0142egostoku. Minimalne zam\u00f3wienie 400z\u0142. Koszt wysy\u0142ki 40z\u0142 (Styrobox + Heatpack 24h).<br \/>\nNa \u017cyczenie i odpowiedzialno\u015b\u0107 kupuj\u0105cego, mo\u017cliwa wysy\u0142ka UPS Expres Saver &#8211; dostawa nast\u0119pnego dnia do godz. 12:00 (koszt 40 z\u0142)<\/p>\n<p>Acreichthys tomentosus \u2013 potocznie \u201eBrzydal\u201d<\/p>\n<p>Acreichthys tomentosus, znany pieszczotliwie jako \u201eBrzydal\u201d, to niezwykle ciekawa i oryginalna ryba zamieszkuj\u0105ca wody Australii i Indonezji. Jej nietypowy wygl\u0105d \u2013 przypominaj\u0105cy li\u015b\u0107 \u2013 oraz liczne, drobne wyrostki nadaj\u0105 jej charakterystyczny, wr\u0119cz kamufla\u017cowy wygl\u0105d. Cho\u0107 na pierwszy rzut oka mo\u017ce nie uchodzi\u0107 za najpi\u0119kniejsz\u0105 ryb\u0119 rafow\u0105, ma w sobie niepowtarzalny urok, kt\u00f3ry wielu akwaryst\u00f3w docenia.<\/p>\n<p>Trudno jednoznacznie okre\u015bli\u0107 jej barw\u0119 \u2013 nie tylko dlatego, \u017ce r\u00f3\u017cne populacje maj\u0105 odmienn\u0105 kolorystyk\u0119, ale tak\u017ce ze wzgl\u0119du na zdolno\u015b\u0107 dynamicznej zmiany ubarwienia. Brzydale przybieraj\u0105 odcienie be\u017cowe, br\u0105zowe, czerwone, szarawe, zielonkawe, \u017c\u00f3\u0142tawe czy bia\u0142awe \u2013 zawsze w charakterystycznym, moro-c\u0119tkowanym wzorze.<\/p>\n<p>To spokojna i ciekawska ryba, kt\u00f3ra \u015bwietnie sprawdza si\u0119 w akwariach morskich jako naturalny pogromca aiptazji \u2013 ukwia\u0142\u00f3w uwa\u017canych za szkodniki. Warto jednak mie\u0107 na uwadze, \u017ce po ich wyeliminowaniu mo\u017ce zainteresowa\u0107 si\u0119 innymi bezkr\u0119gowcami, takimi jak zoanthusy czy korale LPS.<\/p>\n<p>Brzydal dorasta do oko\u0142o 12 cm d\u0142ugo\u015bci. Jego wygl\u0105d mo\u017ce r\u00f3\u017cni\u0107 si\u0119 w zale\u017cno\u015bci od konkretnego osobnika, dlatego nale\u017cy pami\u0119ta\u0107, \u017ce egzemplarz, kt\u00f3ry trafi do akwarium, mo\u017ce nie wygl\u0105da\u0107 identycznie jak ten na zdj\u0119ciu \u2013 to pi\u0119kno naturalnej r\u00f3\u017cnorodno\u015bci.<\/p>\n","protected":false},"excerpt":{"rendered":"<p>Wszystkie egzemplarze pochodz\u0105 z kontrolowanych, tradycyjnych po\u0142ow\u00f3w \u2013 bez u\u017cycia cyjanku potasu ani innych szkodliwych \u015brodk\u00f3w chemicznych. Przed trafieniem do sprzeda\u017cy ka\u017cda ryba przechodzi minimum dwutygodniow\u0105 kwarantann\u0119 oraz jest przyzwyczajana do pokarm\u00f3w mro\u017conych<\/p>\n","protected":false},"featured_media":131,"comment_status":"open","ping_status":"closed","template":"","meta":{"site-sidebar-layout":"default","site-content-layout":"","ast-site-content-layout":"default","site-content-style":"default","site-sidebar-style":"default","ast-global-header-display":"","ast-banner-title-visibility":"","ast-main-header-display":"","ast-hfb-above-header-display":"","ast-hfb-below-header-display":"","ast-hfb-mobile-header-display":"","site-post-title":"","ast-breadcrumbs-content":"","ast-featured-img":"","footer-sml-layout":"","theme-transparent-header-meta":"default","adv-header-id-meta":"","stick-header-meta":"","header-above-stick-meta":"","header-main-stick-meta":"","header-below-stick-meta":"","astra-migrate-meta-layouts":"set","ast-page-background-enabled":"default","ast-page-background-meta":{"desktop":{"background-color":"var(--ast-global-color-5)","background-image":"","background-repeat":"repeat","background-position":"center center","background-size":"auto","background-attachment":"scroll","background-type":"","background-media":"","overlay-type":"","overlay-color":"","overlay-opacity":"","overlay-gradient":""},"tablet":{"background-color":"","background-image":"","background-repeat":"repeat","background-position":"center center","background-size":"auto","background-attachment":"scroll","background-type":"","background-media":"","overlay-type":"","overlay-color":"","overlay-opacity":"","overlay-gradient":""},"mobile":{"background-color":"","background-image":"","background-repeat":"repeat","background-position":"center center","background-size":"auto","background-attachment":"scroll","background-type":"","background-media":"","overlay-type":"","overlay-color":"","overlay-opacity":"","overlay-gradient":""}},"ast-content-background-meta":{"desktop":{"background-color":"var(--ast-global-color-4)","background-image":"","background-repeat":"repeat","background-position":"center center","background-size":"auto","background-attachment":"scroll","background-type":"","background-media":"","overlay-type":"","overlay-color":"","overlay-opacity":"","overlay-gradient":""},"tablet":{"background-color":"var(--ast-global-color-4)","background-image":"","background-repeat":"repeat","background-position":"center center","background-size":"auto","background-attachment":"scroll","background-type":"","background-media":"","overlay-type":"","overlay-color":"","overlay-opacity":"","overlay-gradient":""},"mobile":{"background-color":"var(--ast-global-color-4)","background-image":"","background-repeat":"repeat","background-position":"center center","background-size":"auto","background-attachment":"scroll","background-type":"","background-media":"","overlay-type":"","overlay-color":"","overlay-opacity":"","overlay-gradient":""}}},"product_brand":[],"product_cat":[19],"product_tag":[29],"class_list":{"0":"post-132","1":"product","2":"type-product","3":"status-publish","4":"has-post-thumbnail","6":"product_cat-ryby","7":"product_tag-brzydal","8":"desktop-align-left","9":"tablet-align-left","10":"mobile-align-left","12":"first","13":"instock","14":"shipping-taxable","15":"purchasable","16":"product-type-simple"},"_links":{"self":[{"href":"https:\/\/faunatic.pl\/index.php\/wp-json\/wp\/v2\/product\/132","targetHints":{"allow":["GET"]}}],"collection":[{"href":"https:\/\/faunatic.pl\/index.php\/wp-json\/wp\/v2\/product"}],"about":[{"href":"https:\/\/faunatic.pl\/index.php\/wp-json\/wp\/v2\/types\/product"}],"replies":[{"embeddable":true,"href":"https:\/\/faunatic.pl\/index.php\/wp-json\/wp\/v2\/comments?post=132"}],"wp:featuredmedia":[{"embeddable":true,"href":"https:\/\/faunatic.pl\/index.php\/wp-json\/wp\/v2\/media\/131"}],"wp:attachment":[{"href":"https:\/\/faunatic.pl\/index.php\/wp-json\/wp\/v2\/media?parent=132"}],"wp:term":[{"taxonomy":"product_brand","embeddable":true,"href":"https:\/\/faunatic.pl\/index.php\/wp-json\/wp\/v2\/product_brand?post=132"},{"taxonomy":"product_cat","embeddable":true,"href":"https:\/\/faunatic.pl\/index.php\/wp-json\/wp\/v2\/product_cat?post=132"},{"taxonomy":"product_tag","embeddable":true,"href":"https:\/\/faunatic.pl\/index.php\/wp-json\/wp\/v2\/product_tag?post=132"}],"curies":[{"name":"wp","href":"https:\/\/api.w.org\/{rel}","templated":true}]}}