{"id":126,"date":"2025-11-07T15:15:43","date_gmt":"2025-11-07T14:15:43","guid":{"rendered":"https:\/\/faunatic.pl\/index.php\/produkt\/clibanarius-tricolor\/"},"modified":"2026-03-26T19:19:09","modified_gmt":"2026-03-26T18:19:09","slug":"clibanarius-tricolor","status":"publish","type":"product","link":"https:\/\/faunatic.pl\/index.php\/produkt\/clibanarius-tricolor\/","title":{"rendered":"Clibanarius tricolor"},"content":{"rendered":"<p>Kraby s\u0105 po 2 tygodniowej aklimatyzacji. <\/p>\n<p>Odbi\u00f3r osobisty, Bia\u0142ystok &#8211; Klepacze &#8211; woj. Podlaskie<br \/>\nMo\u017cliwa wysy\u0142ka PKP &#8211; po\u0142\u0105czenia bezpo\u015brednie z Bia\u0142egostoku. Minimalne zam\u00f3wienie 400z\u0142. Koszt wysy\u0142ki 40z\u0142 (Styrobox + Heatpack 24h).<br \/>\nNa \u017cyczenie i odpowiedzialno\u015b\u0107 kupuj\u0105cego, mo\u017cliwa wysy\u0142ka UPS Expres Saver &#8211; dostawa nast\u0119pnego dnia do godz. 12:00 (koszt 40 z\u0142)<\/p>\n<p>Jeden z najmniejszych dost\u0119pnych gatunk\u00f3w krab\u00f3w pustelnik\u00f3w, doskonale sprawdzaj\u0105cy si\u0119 w roli cz\u0142onka tzw. ekipy czyszcz\u0105cej. Pomaga utrzyma\u0107 czysto\u015b\u0107 w zbiorniku, zjadaj\u0105c resztki pokarmu, detrytus oraz glony nitkowate.<\/p>\n<p>Zamieszkuje muszle \u015blimak\u00f3w, dlatego w akwarium powinno znajdowa\u0107 si\u0119 kilka pustych muszli o r\u00f3\u017cnej wielko\u015bci, aby umo\u017cliwi\u0107 mu zmian\u0119 \u201edomku\u201d w miar\u0119 wzrostu. Mimo dost\u0119pnych muszli, zdarza si\u0119, \u017ce krab mo\u017ce zapolowa\u0107 na \u017cywego \u015blimaka \u2013 zar\u00f3wno w celu zdobycia nowego schronienia, jak i jako \u0142atwego \u017ar\u00f3d\u0142a pokarmu.<\/p>\n<p>Pochodzenie: Indopacyfik<br \/>\nWielko\u015b\u0107: do 4 cm<br \/>\nTemperament: spokojny<br \/>\nMinimalna wielko\u015b\u0107 akwarium: 30 litr\u00f3w<br \/>\nTyp zbiornika: idealny do akwarium typu nano-rafa<\/p>\n","protected":false},"excerpt":{"rendered":"<p>Kraby s\u0105 po 2 tygodniowej aklimatyzacji. Odbi\u00f3r osobisty, Bia\u0142ystok &#8211; Klepacze &#8211; woj. Podlaskie Mo\u017cliwa wysy\u0142ka PKP &#8211; po\u0142\u0105czenia bezpo\u015brednie [&hellip;]<\/p>\n","protected":false},"featured_media":125,"comment_status":"open","ping_status":"closed","template":"","meta":{"site-sidebar-layout":"default","site-content-layout":"","ast-site-content-layout":"default","site-content-style":"default","site-sidebar-style":"default","ast-global-header-display":"","ast-banner-title-visibility":"","ast-main-header-display":"","ast-hfb-above-header-display":"","ast-hfb-below-header-display":"","ast-hfb-mobile-header-display":"","site-post-title":"","ast-breadcrumbs-content":"","ast-featured-img":"","footer-sml-layout":"","theme-transparent-header-meta":"","adv-header-id-meta":"","stick-header-meta":"","header-above-stick-meta":"","header-main-stick-meta":"","header-below-stick-meta":"","astra-migrate-meta-layouts":"default","ast-page-background-enabled":"default","ast-page-background-meta":{"desktop":{"background-color":"var(--ast-global-color-5)","background-image":"","background-repeat":"repeat","background-position":"center center","background-size":"auto","background-attachment":"scroll","background-type":"","background-media":"","overlay-type":"","overlay-color":"","overlay-opacity":"","overlay-gradient":""},"tablet":{"background-color":"","background-image":"","background-repeat":"repeat","background-position":"center center","background-size":"auto","background-attachment":"scroll","background-type":"","background-media":"","overlay-type":"","overlay-color":"","overlay-opacity":"","overlay-gradient":""},"mobile":{"background-color":"","background-image":"","background-repeat":"repeat","background-position":"center center","background-size":"auto","background-attachment":"scroll","background-type":"","background-media":"","overlay-type":"","overlay-color":"","overlay-opacity":"","overlay-gradient":""}},"ast-content-background-meta":{"desktop":{"background-color":"var(--ast-global-color-4)","background-image":"","background-repeat":"repeat","background-position":"center center","background-size":"auto","background-attachment":"scroll","background-type":"","background-media":"","overlay-type":"","overlay-color":"","overlay-opacity":"","overlay-gradient":""},"tablet":{"background-color":"var(--ast-global-color-4)","background-image":"","background-repeat":"repeat","background-position":"center center","background-size":"auto","background-attachment":"scroll","background-type":"","background-media":"","overlay-type":"","overlay-color":"","overlay-opacity":"","overlay-gradient":""},"mobile":{"background-color":"var(--ast-global-color-4)","background-image":"","background-repeat":"repeat","background-position":"center center","background-size":"auto","background-attachment":"scroll","background-type":"","background-media":"","overlay-type":"","overlay-color":"","overlay-opacity":"","overlay-gradient":""}}},"product_brand":[],"product_cat":[20,30],"product_tag":[],"class_list":{"0":"post-126","1":"product","2":"type-product","3":"status-publish","4":"has-post-thumbnail","6":"product_cat-bezkregowce","7":"product_cat-kraby","8":"desktop-align-left","9":"tablet-align-left","10":"mobile-align-left","12":"first","13":"instock","14":"shipping-taxable","15":"purchasable","16":"product-type-simple"},"_links":{"self":[{"href":"https:\/\/faunatic.pl\/index.php\/wp-json\/wp\/v2\/product\/126","targetHints":{"allow":["GET"]}}],"collection":[{"href":"https:\/\/faunatic.pl\/index.php\/wp-json\/wp\/v2\/product"}],"about":[{"href":"https:\/\/faunatic.pl\/index.php\/wp-json\/wp\/v2\/types\/product"}],"replies":[{"embeddable":true,"href":"https:\/\/faunatic.pl\/index.php\/wp-json\/wp\/v2\/comments?post=126"}],"wp:featuredmedia":[{"embeddable":true,"href":"https:\/\/faunatic.pl\/index.php\/wp-json\/wp\/v2\/media\/125"}],"wp:attachment":[{"href":"https:\/\/faunatic.pl\/index.php\/wp-json\/wp\/v2\/media?parent=126"}],"wp:term":[{"taxonomy":"product_brand","embeddable":true,"href":"https:\/\/faunatic.pl\/index.php\/wp-json\/wp\/v2\/product_brand?post=126"},{"taxonomy":"product_cat","embeddable":true,"href":"https:\/\/faunatic.pl\/index.php\/wp-json\/wp\/v2\/product_cat?post=126"},{"taxonomy":"product_tag","embeddable":true,"href":"https:\/\/faunatic.pl\/index.php\/wp-json\/wp\/v2\/product_tag?post=126"}],"curies":[{"name":"wp","href":"https:\/\/api.w.org\/{rel}","templated":true}]}}