{"id":118,"date":"2025-11-07T15:15:12","date_gmt":"2025-11-07T14:15:12","guid":{"rendered":"https:\/\/faunatic.pl\/index.php\/produkt\/salarias-fasciatus-s\/"},"modified":"2026-03-30T17:25:09","modified_gmt":"2026-03-30T15:25:09","slug":"salarias-fasciatus-s","status":"publish","type":"product","link":"https:\/\/faunatic.pl\/index.php\/produkt\/salarias-fasciatus-s\/","title":{"rendered":"Salarias fasciatus &#8211; S"},"content":{"rendered":"<p>Ryby po 2 tygodniowej aklimatyzacji. Pobieraj\u0105 mro\u017cony i suchy pokarm. Rozmiar S<\/p>\n<p>Odbi\u00f3r osobisty, Bia\u0142ystok &#8211; Klepacze &#8211; woj. Podlaskie<br \/>\nMo\u017cliwa wysy\u0142ka PKP &#8211; po\u0142\u0105czenia bezpo\u015brednie z Bia\u0142egostoku. Minimalne zam\u00f3wienie 400z\u0142. Koszt wysy\u0142ki 40z\u0142 (Styrobox + Heatpack 24h).<br \/>\nNa \u017cyczenie i odpowiedzialno\u015b\u0107 kupuj\u0105cego, mo\u017cliwa wysy\u0142ka UPS Expres Saver &#8211; dostawa nast\u0119pnego dnia do godz. 12:00 (koszt 40 z\u0142)<\/p>\n<p>Salarias fasciatus fascynuj\u0105cy mieszkaniec raf koralowych, kt\u00f3ry doskonale odnajduje si\u0119 w akwariach morskich. Jego ubarwienie przypominaj\u0105ce naturalne kolory ska\u0142 i piasku sprawia, \u017ce ryba idealnie wtapia si\u0119 w otoczenie, z \u0142atwo\u015bci\u0105 kamufluj\u0105c si\u0119 mi\u0119dzy \u017cywymi ska\u0142ami i w kryj\u00f3wkach. Po aklimatyzacji staje si\u0119 bardzo aktywna, ciekawska i charakterystyczna \u2013 z czasem zaczyna przejawia\u0107 indywidualne, intryguj\u0105ce zachowania, co czyni j\u0105 ulubie\u0144cem wielu akwaryst\u00f3w.<\/p>\n<p>Podstawowe informacje i wymagania hodowlane:<\/p>\n<p>Minimalna pojemno\u015b\u0107 akwarium: 100 litr\u00f3w, z przestrzeni\u0105 do swobodnego p\u0142ywania<\/p>\n<p>Temperatura wody: 24\u201328\u00b0C<\/p>\n<p>Parametry wody: pH 7,8\u20138,4; odpowiednie zasolenie jak w akwarium rafowym<\/p>\n<p>O\u015bwietlenie: Umiarkowane do silnego <\/p>\n<p>Pokarm: Mro\u017cony i suchy (drobne granulki, mro\u017conki); naturalnie \u017cywi si\u0119 r\u00f3wnie\u017c glonami i algami porastaj\u0105cymi ska\u0142y \u2013 pe\u0142ni rol\u0119 &#8222;czy\u015bciciela&#8221;<\/p>\n<p>Salarias fasciatus to nie tylko ozdoba zbiornika, ale i po\u017cyteczny pomocnik w walce z niechcianymi glonami. Idealny wyb\u00f3r do dojrza\u0142ych, stabilnych akwari\u00f3w rafowych.<\/p>\n","protected":false},"excerpt":{"rendered":"<p>Ryby po 2 tygodniowej aklimatyzacji. Pobieraj\u0105 mro\u017cony i suchy pokarm. Rozmiar S Odbi\u00f3r osobisty, Bia\u0142ystok &#8211; Klepacze &#8211; woj. Podlaskie [&hellip;]<\/p>\n","protected":false},"featured_media":117,"comment_status":"open","ping_status":"closed","template":"","meta":{"site-sidebar-layout":"default","site-content-layout":"","ast-site-content-layout":"default","site-content-style":"default","site-sidebar-style":"default","ast-global-header-display":"","ast-banner-title-visibility":"","ast-main-header-display":"","ast-hfb-above-header-display":"","ast-hfb-below-header-display":"","ast-hfb-mobile-header-display":"","site-post-title":"","ast-breadcrumbs-content":"","ast-featured-img":"","footer-sml-layout":"","theme-transparent-header-meta":"","adv-header-id-meta":"","stick-header-meta":"","header-above-stick-meta":"","header-main-stick-meta":"","header-below-stick-meta":"","astra-migrate-meta-layouts":"default","ast-page-background-enabled":"default","ast-page-background-meta":{"desktop":{"background-color":"var(--ast-global-color-5)","background-image":"","background-repeat":"repeat","background-position":"center center","background-size":"auto","background-attachment":"scroll","background-type":"","background-media":"","overlay-type":"","overlay-color":"","overlay-opacity":"","overlay-gradient":""},"tablet":{"background-color":"","background-image":"","background-repeat":"repeat","background-position":"center center","background-size":"auto","background-attachment":"scroll","background-type":"","background-media":"","overlay-type":"","overlay-color":"","overlay-opacity":"","overlay-gradient":""},"mobile":{"background-color":"","background-image":"","background-repeat":"repeat","background-position":"center center","background-size":"auto","background-attachment":"scroll","background-type":"","background-media":"","overlay-type":"","overlay-color":"","overlay-opacity":"","overlay-gradient":""}},"ast-content-background-meta":{"desktop":{"background-color":"var(--ast-global-color-4)","background-image":"","background-repeat":"repeat","background-position":"center center","background-size":"auto","background-attachment":"scroll","background-type":"","background-media":"","overlay-type":"","overlay-color":"","overlay-opacity":"","overlay-gradient":""},"tablet":{"background-color":"var(--ast-global-color-4)","background-image":"","background-repeat":"repeat","background-position":"center center","background-size":"auto","background-attachment":"scroll","background-type":"","background-media":"","overlay-type":"","overlay-color":"","overlay-opacity":"","overlay-gradient":""},"mobile":{"background-color":"var(--ast-global-color-4)","background-image":"","background-repeat":"repeat","background-position":"center center","background-size":"auto","background-attachment":"scroll","background-type":"","background-media":"","overlay-type":"","overlay-color":"","overlay-opacity":"","overlay-gradient":""}}},"product_brand":[],"product_cat":[19],"product_tag":[],"class_list":{"0":"post-118","1":"product","2":"type-product","3":"status-publish","4":"has-post-thumbnail","6":"product_cat-ryby","7":"desktop-align-left","8":"tablet-align-left","9":"mobile-align-left","11":"first","12":"instock","13":"shipping-taxable","14":"purchasable","15":"product-type-simple"},"_links":{"self":[{"href":"https:\/\/faunatic.pl\/index.php\/wp-json\/wp\/v2\/product\/118","targetHints":{"allow":["GET"]}}],"collection":[{"href":"https:\/\/faunatic.pl\/index.php\/wp-json\/wp\/v2\/product"}],"about":[{"href":"https:\/\/faunatic.pl\/index.php\/wp-json\/wp\/v2\/types\/product"}],"replies":[{"embeddable":true,"href":"https:\/\/faunatic.pl\/index.php\/wp-json\/wp\/v2\/comments?post=118"}],"wp:featuredmedia":[{"embeddable":true,"href":"https:\/\/faunatic.pl\/index.php\/wp-json\/wp\/v2\/media\/117"}],"wp:attachment":[{"href":"https:\/\/faunatic.pl\/index.php\/wp-json\/wp\/v2\/media?parent=118"}],"wp:term":[{"taxonomy":"product_brand","embeddable":true,"href":"https:\/\/faunatic.pl\/index.php\/wp-json\/wp\/v2\/product_brand?post=118"},{"taxonomy":"product_cat","embeddable":true,"href":"https:\/\/faunatic.pl\/index.php\/wp-json\/wp\/v2\/product_cat?post=118"},{"taxonomy":"product_tag","embeddable":true,"href":"https:\/\/faunatic.pl\/index.php\/wp-json\/wp\/v2\/product_tag?post=118"}],"curies":[{"name":"wp","href":"https:\/\/api.w.org\/{rel}","templated":true}]}}