{"id":114,"date":"2025-11-07T15:15:10","date_gmt":"2025-11-07T14:15:10","guid":{"rendered":"https:\/\/faunatic.pl\/index.php\/produkt\/gobiodon-histrio-m\/"},"modified":"2026-03-18T05:11:10","modified_gmt":"2026-03-18T04:11:10","slug":"gobiodon-histrio-m","status":"publish","type":"product","link":"https:\/\/faunatic.pl\/index.php\/produkt\/gobiodon-histrio-m\/","title":{"rendered":"Gobiodon histrio"},"content":{"rendered":"<p>Ryby po 2 tygodniowej aklimatyzacji. Pobieraj\u0105 mro\u017cony i suchy pokarm. Rozmiar M<\/p>\n<p>Odbi\u00f3r osobisty, Bia\u0142ystok &#8211; Klepacze &#8211; woj. Podlaskie<br \/>\nMo\u017cliwa wysy\u0142ka PKP &#8211; po\u0142\u0105czenia bezpo\u015brednie z Bia\u0142egostoku. Minimalne zam\u00f3wienie 400z\u0142. Koszt wysy\u0142ki 40z\u0142 (Styrobox + Heatpack 24h).<br \/>\nNa \u017cyczenie i odpowiedzialno\u015b\u0107 kupuj\u0105cego, mo\u017cliwa wysy\u0142ka UPS Expres Saver &#8211; dostawa nast\u0119pnego dnia do godz. 12:00 (koszt 40 z\u0142)<\/p>\n<p>Gobiodon histrio to niewielka, lecz niezwykle barwna ryba, kt\u00f3ra w naturze \u017cyje w symbiozie z koralowcami twardymi typu SPS (g\u0142\u00f3wnie z rodzaju Acropora). W warunkach akwariowych dobrze adaptuje si\u0119 r\u00f3wnie\u017c do \u017cycia w\u015br\u00f3d innych typ\u00f3w koralowc\u00f3w.<\/p>\n<p>Mimo swoich niewielkich rozmiar\u00f3w, mo\u017ce by\u0107 terytorialna i wykazywa\u0107 agresj\u0119 wobec przedstawicieli w\u0142asnego lub blisko spokrewnionego gatunku, dlatego zaleca si\u0119 ostro\u017cno\u015b\u0107 przy \u0142\u0105czeniu jej z innymi rybami z rodziny babkowatych.<\/p>\n<p>Charakterystyczne dla tego gatunku jest intensywne ubarwienie w odcieniach niebieskiego i zieleni, kt\u00f3re czyni go efektownym dodatkiem do akwarium rafowego.<\/p>\n<p>Warunki hodowli<br \/>\nMinimalna wielko\u015b\u0107 akwarium: Co najmniej 100 litr\u00f3w, ze wzgl\u0119du na terytorialne zachowanie<\/p>\n<p>Dekoracje: Zalecana obecno\u015b\u0107 korali SPS i\/lub rozbudowanych struktur skalnych z kryj\u00f3wkami<\/p>\n<p>O\u015bwietlenie: Umiarkowane do silnego \u2013 wspomaga zdrowie koralowc\u00f3w i ryb<\/p>\n<p>Temperatura wody: 24\u201328\u00b0C<\/p>\n<p>Parametry wody: pH: 7,8\u20138,4, Zasolenie: 1.023\u20131.026<\/p>\n<p>Karmienie: Gobiodon histrio to ryba wszystko\u017cerna, kt\u00f3ra ch\u0119tnie przyjmuje zar\u00f3wno pokarmy mro\u017cone, jak i suche. Najlepiej sprawdzaj\u0105 si\u0119 drobne mro\u017conki, takie jak: Artemia, Mysis, Drobnoziarniste granulaty<\/p>\n","protected":false},"excerpt":{"rendered":"<p>Ryby po 2 tygodniowej aklimatyzacji. Pobieraj\u0105 mro\u017cony i suchy pokarm. Rozmiar M Odbi\u00f3r osobisty, Bia\u0142ystok &#8211; Klepacze &#8211; woj. Podlaskie [&hellip;]<\/p>\n","protected":false},"featured_media":113,"comment_status":"open","ping_status":"closed","template":"","meta":{"site-sidebar-layout":"default","site-content-layout":"","ast-site-content-layout":"default","site-content-style":"default","site-sidebar-style":"default","ast-global-header-display":"","ast-banner-title-visibility":"","ast-main-header-display":"","ast-hfb-above-header-display":"","ast-hfb-below-header-display":"","ast-hfb-mobile-header-display":"","site-post-title":"","ast-breadcrumbs-content":"","ast-featured-img":"","footer-sml-layout":"","theme-transparent-header-meta":"default","adv-header-id-meta":"","stick-header-meta":"","header-above-stick-meta":"","header-main-stick-meta":"","header-below-stick-meta":"","astra-migrate-meta-layouts":"set","ast-page-background-enabled":"default","ast-page-background-meta":{"desktop":{"background-color":"var(--ast-global-color-5)","background-image":"","background-repeat":"repeat","background-position":"center center","background-size":"auto","background-attachment":"scroll","background-type":"","background-media":"","overlay-type":"","overlay-color":"","overlay-opacity":"","overlay-gradient":""},"tablet":{"background-color":"","background-image":"","background-repeat":"repeat","background-position":"center center","background-size":"auto","background-attachment":"scroll","background-type":"","background-media":"","overlay-type":"","overlay-color":"","overlay-opacity":"","overlay-gradient":""},"mobile":{"background-color":"","background-image":"","background-repeat":"repeat","background-position":"center center","background-size":"auto","background-attachment":"scroll","background-type":"","background-media":"","overlay-type":"","overlay-color":"","overlay-opacity":"","overlay-gradient":""}},"ast-content-background-meta":{"desktop":{"background-color":"var(--ast-global-color-4)","background-image":"","background-repeat":"repeat","background-position":"center center","background-size":"auto","background-attachment":"scroll","background-type":"","background-media":"","overlay-type":"","overlay-color":"","overlay-opacity":"","overlay-gradient":""},"tablet":{"background-color":"var(--ast-global-color-4)","background-image":"","background-repeat":"repeat","background-position":"center center","background-size":"auto","background-attachment":"scroll","background-type":"","background-media":"","overlay-type":"","overlay-color":"","overlay-opacity":"","overlay-gradient":""},"mobile":{"background-color":"var(--ast-global-color-4)","background-image":"","background-repeat":"repeat","background-position":"center center","background-size":"auto","background-attachment":"scroll","background-type":"","background-media":"","overlay-type":"","overlay-color":"","overlay-opacity":"","overlay-gradient":""}}},"product_brand":[],"product_cat":[19],"product_tag":[],"class_list":{"0":"post-114","1":"product","2":"type-product","3":"status-publish","4":"has-post-thumbnail","6":"product_cat-ryby","7":"desktop-align-left","8":"tablet-align-left","9":"mobile-align-left","11":"first","12":"outofstock","13":"shipping-taxable","14":"purchasable","15":"product-type-simple","16":"out-of-stock-bw"},"_links":{"self":[{"href":"https:\/\/faunatic.pl\/index.php\/wp-json\/wp\/v2\/product\/114","targetHints":{"allow":["GET"]}}],"collection":[{"href":"https:\/\/faunatic.pl\/index.php\/wp-json\/wp\/v2\/product"}],"about":[{"href":"https:\/\/faunatic.pl\/index.php\/wp-json\/wp\/v2\/types\/product"}],"replies":[{"embeddable":true,"href":"https:\/\/faunatic.pl\/index.php\/wp-json\/wp\/v2\/comments?post=114"}],"wp:featuredmedia":[{"embeddable":true,"href":"https:\/\/faunatic.pl\/index.php\/wp-json\/wp\/v2\/media\/113"}],"wp:attachment":[{"href":"https:\/\/faunatic.pl\/index.php\/wp-json\/wp\/v2\/media?parent=114"}],"wp:term":[{"taxonomy":"product_brand","embeddable":true,"href":"https:\/\/faunatic.pl\/index.php\/wp-json\/wp\/v2\/product_brand?post=114"},{"taxonomy":"product_cat","embeddable":true,"href":"https:\/\/faunatic.pl\/index.php\/wp-json\/wp\/v2\/product_cat?post=114"},{"taxonomy":"product_tag","embeddable":true,"href":"https:\/\/faunatic.pl\/index.php\/wp-json\/wp\/v2\/product_tag?post=114"}],"curies":[{"name":"wp","href":"https:\/\/api.w.org\/{rel}","templated":true}]}}