{"id":112,"date":"2025-11-07T15:15:09","date_gmt":"2025-11-07T14:15:09","guid":{"rendered":"https:\/\/faunatic.pl\/index.php\/produkt\/labroides-dimidiatus-doktorek-m\/"},"modified":"2026-03-18T05:11:10","modified_gmt":"2026-03-18T04:11:10","slug":"labroides-dimidiatus-doktorek","status":"publish","type":"product","link":"https:\/\/faunatic.pl\/index.php\/produkt\/labroides-dimidiatus-doktorek\/","title":{"rendered":"Labroides dimidiatus &#8211; Doktorek"},"content":{"rendered":"<p>Ryby po 2 tygodniowej aklimatyzacji. Pobieraj\u0105 mro\u017cony i suchy pokarm. Rozmiar M<\/p>\n<p>Odbi\u00f3r osobisty, Bia\u0142ystok &#8211; Klepacze &#8211; woj. Podlaskie<br \/>\nMo\u017cliwa wysy\u0142ka PKP &#8211; po\u0142\u0105czenia bezpo\u015brednie z Bia\u0142egostoku. Minimalne zam\u00f3wienie 400z\u0142. Koszt wysy\u0142ki 40z\u0142 (Styrobox + Heatpack 24h).<br \/>\nNa \u017cyczenie i odpowiedzialno\u015b\u0107 kupuj\u0105cego, mo\u017cliwa wysy\u0142ka UPS Expres Saver &#8211; dostawa nast\u0119pnego dnia do godz. 12:00 (koszt 40 z\u0142)<\/p>\n<p>Labroides dimidiatus, znany potocznie jako &#8222;doktorek&#8221;, to niezwykle po\u017cyteczna i aktywna ryba w akwarium morskim. Swoj\u0105 zwyczajow\u0105 nazw\u0119 zawdzi\u0119cza wyj\u0105tkowej roli \u2013 oczyszcza innych mieszka\u0144c\u00f3w zbiornika z paso\u017cyt\u00f3w i mikroorganizm\u00f3w, pe\u0142ni\u0105c funkcj\u0119 naturalnego \u201eczy\u015bciciela\u201d. Dzi\u0119ki efektownemu ubarwieniu oraz stosunkowo prostym wymaganiom hodowlanym, jest doskona\u0142ym wyborem zar\u00f3wno dla pocz\u0105tkuj\u0105cych, jak i bardziej do\u015bwiadczonych akwaryst\u00f3w.<\/p>\n<p>Warunki hodowli w akwarium rafowym:<br \/>\nAkwarium: Zalecana minimalna pojemno\u015b\u0107 to 100 litr\u00f3w, poniewa\u017c ryba ta jest bardzo aktywna i potrzebuje przestrzeni do p\u0142ywania.<\/p>\n<p>O\u015bwietlenie: Umiarkowane do silnego \u2013 sprzyja zdrowiu ryby oraz wspiera rozw\u00f3j koralowc\u00f3w.<\/p>\n<p>Temperatura: Optymalny zakres temperatury wody to 24\u201328\u00b0C.<\/p>\n<p>Parametry wody: Woda powinna by\u0107 stabilna, o pH 7,8\u20138,4, z odpowiednim poziomem zasolenia, typowym dla \u015brodowisk morskich.<\/p>\n<p>Karmienie:<br \/>\nLabroides dimidiatus ch\u0119tnie przyjmuje pokarm mro\u017cony i suchy, najlepiej w postaci drobnych mro\u017conek takich jak artemia czy mysis. W naturze \u017cywi si\u0119 g\u0142\u00f3wnie paso\u017cytami i drobnymi bezkr\u0119gowcami, dlatego warto urozmaica\u0107 diet\u0119, dbaj\u0105c o jej wysok\u0105 jako\u015b\u0107 i r\u00f3\u017cnorodno\u015b\u0107.<\/p>\n","protected":false},"excerpt":{"rendered":"<p>Ryby po 2 tygodniowej aklimatyzacji. Pobieraj\u0105 mro\u017cony i suchy pokarm. Rozmiar M Odbi\u00f3r osobisty, Bia\u0142ystok &#8211; Klepacze &#8211; woj. Podlaskie [&hellip;]<\/p>\n","protected":false},"featured_media":111,"comment_status":"open","ping_status":"closed","template":"","meta":{"site-sidebar-layout":"default","site-content-layout":"","ast-site-content-layout":"default","site-content-style":"default","site-sidebar-style":"default","ast-global-header-display":"","ast-banner-title-visibility":"","ast-main-header-display":"","ast-hfb-above-header-display":"","ast-hfb-below-header-display":"","ast-hfb-mobile-header-display":"","site-post-title":"","ast-breadcrumbs-content":"","ast-featured-img":"","footer-sml-layout":"","theme-transparent-header-meta":"","adv-header-id-meta":"","stick-header-meta":"","header-above-stick-meta":"","header-main-stick-meta":"","header-below-stick-meta":"","astra-migrate-meta-layouts":"default","ast-page-background-enabled":"default","ast-page-background-meta":{"desktop":{"background-color":"var(--ast-global-color-5)","background-image":"","background-repeat":"repeat","background-position":"center center","background-size":"auto","background-attachment":"scroll","background-type":"","background-media":"","overlay-type":"","overlay-color":"","overlay-opacity":"","overlay-gradient":""},"tablet":{"background-color":"","background-image":"","background-repeat":"repeat","background-position":"center center","background-size":"auto","background-attachment":"scroll","background-type":"","background-media":"","overlay-type":"","overlay-color":"","overlay-opacity":"","overlay-gradient":""},"mobile":{"background-color":"","background-image":"","background-repeat":"repeat","background-position":"center center","background-size":"auto","background-attachment":"scroll","background-type":"","background-media":"","overlay-type":"","overlay-color":"","overlay-opacity":"","overlay-gradient":""}},"ast-content-background-meta":{"desktop":{"background-color":"var(--ast-global-color-4)","background-image":"","background-repeat":"repeat","background-position":"center center","background-size":"auto","background-attachment":"scroll","background-type":"","background-media":"","overlay-type":"","overlay-color":"","overlay-opacity":"","overlay-gradient":""},"tablet":{"background-color":"var(--ast-global-color-4)","background-image":"","background-repeat":"repeat","background-position":"center center","background-size":"auto","background-attachment":"scroll","background-type":"","background-media":"","overlay-type":"","overlay-color":"","overlay-opacity":"","overlay-gradient":""},"mobile":{"background-color":"var(--ast-global-color-4)","background-image":"","background-repeat":"repeat","background-position":"center center","background-size":"auto","background-attachment":"scroll","background-type":"","background-media":"","overlay-type":"","overlay-color":"","overlay-opacity":"","overlay-gradient":""}}},"product_brand":[],"product_cat":[19],"product_tag":[],"class_list":{"0":"post-112","1":"product","2":"type-product","3":"status-publish","4":"has-post-thumbnail","6":"product_cat-ryby","7":"desktop-align-left","8":"tablet-align-left","9":"mobile-align-left","11":"first","12":"outofstock","13":"shipping-taxable","14":"purchasable","15":"product-type-simple","16":"out-of-stock-bw"},"_links":{"self":[{"href":"https:\/\/faunatic.pl\/index.php\/wp-json\/wp\/v2\/product\/112","targetHints":{"allow":["GET"]}}],"collection":[{"href":"https:\/\/faunatic.pl\/index.php\/wp-json\/wp\/v2\/product"}],"about":[{"href":"https:\/\/faunatic.pl\/index.php\/wp-json\/wp\/v2\/types\/product"}],"replies":[{"embeddable":true,"href":"https:\/\/faunatic.pl\/index.php\/wp-json\/wp\/v2\/comments?post=112"}],"wp:featuredmedia":[{"embeddable":true,"href":"https:\/\/faunatic.pl\/index.php\/wp-json\/wp\/v2\/media\/111"}],"wp:attachment":[{"href":"https:\/\/faunatic.pl\/index.php\/wp-json\/wp\/v2\/media?parent=112"}],"wp:term":[{"taxonomy":"product_brand","embeddable":true,"href":"https:\/\/faunatic.pl\/index.php\/wp-json\/wp\/v2\/product_brand?post=112"},{"taxonomy":"product_cat","embeddable":true,"href":"https:\/\/faunatic.pl\/index.php\/wp-json\/wp\/v2\/product_cat?post=112"},{"taxonomy":"product_tag","embeddable":true,"href":"https:\/\/faunatic.pl\/index.php\/wp-json\/wp\/v2\/product_tag?post=112"}],"curies":[{"name":"wp","href":"https:\/\/api.w.org\/{rel}","templated":true}]}}