{"id":110,"date":"2025-11-07T15:15:08","date_gmt":"2025-11-07T14:15:08","guid":{"rendered":"https:\/\/faunatic.pl\/index.php\/produkt\/halichoeres-chrysus-m\/"},"modified":"2026-03-08T11:57:10","modified_gmt":"2026-03-08T10:57:10","slug":"halichoeres-chrysus","status":"publish","type":"product","link":"https:\/\/faunatic.pl\/index.php\/produkt\/halichoeres-chrysus\/","title":{"rendered":"Halichoeres chrysus"},"content":{"rendered":"<p>Ryby po 2 tygodniowej aklimatyzacji. Pobieraj\u0105 mro\u017cony i suchy pokarm. Rozmiar M<\/p>\n<p>Odbi\u00f3r osobisty, Bia\u0142ystok &#8211; Klepacze &#8211; woj. Podlaskie<br \/>\nMo\u017cliwa wysy\u0142ka PKP &#8211; po\u0142\u0105czenia bezpo\u015brednie z Bia\u0142egostoku. Minimalne zam\u00f3wienie 400z\u0142. Koszt wysy\u0142ki 40z\u0142 (Styrobox + Heatpack 24h).<br \/>\nNa \u017cyczenie i odpowiedzialno\u015b\u0107 kupuj\u0105cego, mo\u017cliwa wysy\u0142ka UPS Expres Saver &#8211; dostawa nast\u0119pnego dnia do godz. 12:00 (koszt 40 z\u0142)<\/p>\n<p>Halichoeres chrysus \u2013 znana r\u00f3wnie\u017c jako Wargacz \u017b\u00f3\u0142ty \u2013 to niewielka, intensywnie \u017c\u00f3\u0142ta ryba. Najlepiej czuje si\u0119 w akwariach z wieloma kryj\u00f3wkami, kt\u00f3re zapewniaj\u0105 jej poczucie bezpiecze\u0144stwa, oraz z warstw\u0105 drobnopiaszczystego pod\u0142o\u017ca, w kt\u00f3rym mo\u017ce si\u0119 zakopa\u0107 na noc lub w sytuacjach stresowych.<\/p>\n<p>Warunki hodowlane w akwarium rafowym:<br \/>\nAkwarium: Minimalna zalecana pojemno\u015b\u0107 to 100 litr\u00f3w. Ryba jest stosunkowo niewielka, ale wymaga przestrzeni do swobodnego p\u0142ywania.<\/p>\n<p>O\u015bwietlenie: Umiarkowane do silnego \u2013 wspiera zdrowie ryby oraz rozw\u00f3j koralowc\u00f3w w zbiorniku.<\/p>\n<p>Temperatura: Optymalna temperatura wody to 24\u201328\u00b0C.<\/p>\n<p>Parametry wody: Nale\u017cy utrzymywa\u0107 stabilne warunki wodne \u2013 pH w zakresie 7,8\u20138,4 oraz odpowiednie zasolenie (typowe dla zbiornik\u00f3w morskich).<\/p>\n<p>Karmienie:<br \/>\nHalichoeres chrysus ch\u0119tnie przyjmuje pokarm mro\u017cony, suchy oraz \u015bwie\u017ce algi. Rekomenduje si\u0119 podawanie pokarmu w postaci drobnych mro\u017conek, takich jak artemia czy mysis. Dzi\u0119ki swojej diecie mo\u017ce tak\u017ce pomaga\u0107 w ograniczaniu niechcianych bezkr\u0119gowc\u00f3w, np. robak\u00f3w osiad\u0142ych.<\/p>\n<p>Ryby po 2 tygodniowej aklimatyzacji. Pobieraj\u0105 mro\u017cony i suchy pokarm.<\/p>\n<p>Odbi\u00f3r osobisty, Bia\u0142ystok &#8211; Klepacze &#8211; woj. Podlaskie<br \/>\nMo\u017cliwa wysy\u0142ka PKP &#8211; po\u0142\u0105czenia bezpo\u015brednie z Bia\u0142egostoku. Minimalne zam\u00f3wienie 400z\u0142. Koszt wysy\u0142ki 40z\u0142 (Styrobox + Heatpack 24h).<br \/>\nNa \u017cyczenie i odpowiedzialno\u015b\u0107 kupuj\u0105cego, mo\u017cliwa wysy\u0142ka UPS Expres Saver &#8211; dostawa nast\u0119pnego dnia do godz. 12:00 (koszt 40 z\u0142)<\/p>\n","protected":false},"excerpt":{"rendered":"<p>Ryby po 2 tygodniowej aklimatyzacji. Pobieraj\u0105 mro\u017cony i suchy pokarm. Rozmiar M Odbi\u00f3r osobisty, Bia\u0142ystok &#8211; Klepacze &#8211; woj. Podlaskie [&hellip;]<\/p>\n","protected":false},"featured_media":109,"comment_status":"open","ping_status":"closed","template":"","meta":{"site-sidebar-layout":"default","site-content-layout":"","ast-site-content-layout":"default","site-content-style":"default","site-sidebar-style":"default","ast-global-header-display":"","ast-banner-title-visibility":"","ast-main-header-display":"","ast-hfb-above-header-display":"","ast-hfb-below-header-display":"","ast-hfb-mobile-header-display":"","site-post-title":"","ast-breadcrumbs-content":"","ast-featured-img":"","footer-sml-layout":"","theme-transparent-header-meta":"","adv-header-id-meta":"","stick-header-meta":"","header-above-stick-meta":"","header-main-stick-meta":"","header-below-stick-meta":"","astra-migrate-meta-layouts":"default","ast-page-background-enabled":"default","ast-page-background-meta":{"desktop":{"background-color":"var(--ast-global-color-5)","background-image":"","background-repeat":"repeat","background-position":"center center","background-size":"auto","background-attachment":"scroll","background-type":"","background-media":"","overlay-type":"","overlay-color":"","overlay-opacity":"","overlay-gradient":""},"tablet":{"background-color":"","background-image":"","background-repeat":"repeat","background-position":"center center","background-size":"auto","background-attachment":"scroll","background-type":"","background-media":"","overlay-type":"","overlay-color":"","overlay-opacity":"","overlay-gradient":""},"mobile":{"background-color":"","background-image":"","background-repeat":"repeat","background-position":"center center","background-size":"auto","background-attachment":"scroll","background-type":"","background-media":"","overlay-type":"","overlay-color":"","overlay-opacity":"","overlay-gradient":""}},"ast-content-background-meta":{"desktop":{"background-color":"var(--ast-global-color-4)","background-image":"","background-repeat":"repeat","background-position":"center center","background-size":"auto","background-attachment":"scroll","background-type":"","background-media":"","overlay-type":"","overlay-color":"","overlay-opacity":"","overlay-gradient":""},"tablet":{"background-color":"var(--ast-global-color-4)","background-image":"","background-repeat":"repeat","background-position":"center center","background-size":"auto","background-attachment":"scroll","background-type":"","background-media":"","overlay-type":"","overlay-color":"","overlay-opacity":"","overlay-gradient":""},"mobile":{"background-color":"var(--ast-global-color-4)","background-image":"","background-repeat":"repeat","background-position":"center center","background-size":"auto","background-attachment":"scroll","background-type":"","background-media":"","overlay-type":"","overlay-color":"","overlay-opacity":"","overlay-gradient":""}}},"product_brand":[],"product_cat":[19],"product_tag":[],"class_list":{"0":"post-110","1":"product","2":"type-product","3":"status-publish","4":"has-post-thumbnail","6":"product_cat-ryby","7":"desktop-align-left","8":"tablet-align-left","9":"mobile-align-left","11":"first","12":"outofstock","13":"shipping-taxable","14":"purchasable","15":"product-type-simple","16":"out-of-stock-bw"},"_links":{"self":[{"href":"https:\/\/faunatic.pl\/index.php\/wp-json\/wp\/v2\/product\/110","targetHints":{"allow":["GET"]}}],"collection":[{"href":"https:\/\/faunatic.pl\/index.php\/wp-json\/wp\/v2\/product"}],"about":[{"href":"https:\/\/faunatic.pl\/index.php\/wp-json\/wp\/v2\/types\/product"}],"replies":[{"embeddable":true,"href":"https:\/\/faunatic.pl\/index.php\/wp-json\/wp\/v2\/comments?post=110"}],"wp:featuredmedia":[{"embeddable":true,"href":"https:\/\/faunatic.pl\/index.php\/wp-json\/wp\/v2\/media\/109"}],"wp:attachment":[{"href":"https:\/\/faunatic.pl\/index.php\/wp-json\/wp\/v2\/media?parent=110"}],"wp:term":[{"taxonomy":"product_brand","embeddable":true,"href":"https:\/\/faunatic.pl\/index.php\/wp-json\/wp\/v2\/product_brand?post=110"},{"taxonomy":"product_cat","embeddable":true,"href":"https:\/\/faunatic.pl\/index.php\/wp-json\/wp\/v2\/product_cat?post=110"},{"taxonomy":"product_tag","embeddable":true,"href":"https:\/\/faunatic.pl\/index.php\/wp-json\/wp\/v2\/product_tag?post=110"}],"curies":[{"name":"wp","href":"https:\/\/api.w.org\/{rel}","templated":true}]}}