{"id":108,"date":"2025-11-07T15:13:39","date_gmt":"2025-11-07T14:13:39","guid":{"rendered":"https:\/\/faunatic.pl\/index.php\/produkt\/pterapogon-kauderni-apogon-kardynal-m\/"},"modified":"2026-03-08T11:58:36","modified_gmt":"2026-03-08T10:58:36","slug":"pterapogon-kauderni-apogon-kardynal-m","status":"publish","type":"product","link":"https:\/\/faunatic.pl\/index.php\/produkt\/pterapogon-kauderni-apogon-kardynal-m\/","title":{"rendered":"Pterapogon Kauderni &#8211; Apogon kardyna\u0142 &#8211; M"},"content":{"rendered":"<p>Ryby po 2 tygodniowej aklimatyzacji. Pobieraj\u0105 mro\u017cony i suchy pokarm. Rozmiar M<\/p>\n<p>Odbi\u00f3r osobisty, Bia\u0142ystok &#8211; Klepacze &#8211; woj. Podlaskie<br \/>\nMo\u017cliwa wysy\u0142ka PKP &#8211; po\u0142\u0105czenia bezpo\u015brednie z Bia\u0142egostoku. Minimalne zam\u00f3wienie 400z\u0142. Koszt wysy\u0142ki 40z\u0142 (Styrobox + Heatpack 24h).<br \/>\nNa \u017cyczenie i odpowiedzialno\u015b\u0107 kupuj\u0105cego, mo\u017cliwa wysy\u0142ka UPS Expres Saver &#8211; dostawa nast\u0119pnego dnia do godz. 12:00 (koszt 40 z\u0142)<\/p>\n<p>Banggai Cardinal (Pterapogon kauderni) \u2013 Rybka o majestatycznym, spokojnym stylu p\u0142ywania, znana r\u00f3wnie\u017c jako jubilerek lub apogon kardyna\u0142, to jeden z najbardziej eleganckich gatunk\u00f3w ryb s\u0142onowodnych.<\/p>\n<p>Pochodzenie: Sulawesi, Wyspy Banggai, Indonezja<\/p>\n<p>Temperament: Spokojna<br \/>\nWielko\u015b\u0107: do 9 cm d\u0142ugo\u015bci<br \/>\nMinimalna wielko\u015b\u0107 akwarium: 200 litr\u00f3w<\/p>\n<p>Pokarm: Artemia, drobny suchy pokarm, ikra langust, kryl, larwy artemii, larwy komar\u00f3w, mro\u017cony pokarm, rozwielitki<\/p>\n<p>Zalecenia: Wymaga zacisznych kryj\u00f3wek w akwarium<br \/>\nPterapogon kauderni to gatunek endemiczny, wyst\u0119puj\u0105cy tylko w jednym, wyj\u0105tkowym miejscu na \u015bwiecie \u2013 u wybrze\u017cy Wysp Banggai. Te ryby preferuj\u0105 spokojne, zaciszne miejsca z minimalnym falowaniem wody, co czyni je idealnym wyborem do spokojnych, dobrze zaplanowanych akwarium.<\/p>\n<p>Cech\u0105 charakterystyczn\u0105 tego gatunku jest wyj\u0105tkowy spos\u00f3b opieki nad m\u0142odymi. Samice inkubuj\u0105 ikr\u0119 w pysku a\u017c do momentu wyl\u0119gu. Zaraz po wykluciu m\u0142ode rybki szukaj\u0105 schronienia w bezpiecznych kryj\u00f3wkach, a w razie zagro\u017cenia szybko wracaj\u0105 do nich. Dodatkowo, m\u0142ode cz\u0119sto szukaj\u0105 ochrony u je\u017cowc\u00f3w, kt\u00f3rych ig\u0142y stanowi\u0105 skuteczn\u0105 barier\u0119 przed drapie\u017cnikami.<\/p>\n","protected":false},"excerpt":{"rendered":"<p>Ryby po 2 tygodniowej aklimatyzacji. Pobieraj\u0105 mro\u017cony i suchy pokarm. Rozmiar M Odbi\u00f3r osobisty, Bia\u0142ystok &#8211; Klepacze &#8211; woj. Podlaskie [&hellip;]<\/p>\n","protected":false},"featured_media":107,"comment_status":"open","ping_status":"closed","template":"","meta":{"site-sidebar-layout":"default","site-content-layout":"","ast-site-content-layout":"default","site-content-style":"default","site-sidebar-style":"default","ast-global-header-display":"","ast-banner-title-visibility":"","ast-main-header-display":"","ast-hfb-above-header-display":"","ast-hfb-below-header-display":"","ast-hfb-mobile-header-display":"","site-post-title":"","ast-breadcrumbs-content":"","ast-featured-img":"","footer-sml-layout":"","theme-transparent-header-meta":"","adv-header-id-meta":"","stick-header-meta":"","header-above-stick-meta":"","header-main-stick-meta":"","header-below-stick-meta":"","astra-migrate-meta-layouts":"default","ast-page-background-enabled":"default","ast-page-background-meta":{"desktop":{"background-color":"var(--ast-global-color-5)","background-image":"","background-repeat":"repeat","background-position":"center center","background-size":"auto","background-attachment":"scroll","background-type":"","background-media":"","overlay-type":"","overlay-color":"","overlay-opacity":"","overlay-gradient":""},"tablet":{"background-color":"","background-image":"","background-repeat":"repeat","background-position":"center center","background-size":"auto","background-attachment":"scroll","background-type":"","background-media":"","overlay-type":"","overlay-color":"","overlay-opacity":"","overlay-gradient":""},"mobile":{"background-color":"","background-image":"","background-repeat":"repeat","background-position":"center center","background-size":"auto","background-attachment":"scroll","background-type":"","background-media":"","overlay-type":"","overlay-color":"","overlay-opacity":"","overlay-gradient":""}},"ast-content-background-meta":{"desktop":{"background-color":"var(--ast-global-color-4)","background-image":"","background-repeat":"repeat","background-position":"center center","background-size":"auto","background-attachment":"scroll","background-type":"","background-media":"","overlay-type":"","overlay-color":"","overlay-opacity":"","overlay-gradient":""},"tablet":{"background-color":"var(--ast-global-color-4)","background-image":"","background-repeat":"repeat","background-position":"center center","background-size":"auto","background-attachment":"scroll","background-type":"","background-media":"","overlay-type":"","overlay-color":"","overlay-opacity":"","overlay-gradient":""},"mobile":{"background-color":"var(--ast-global-color-4)","background-image":"","background-repeat":"repeat","background-position":"center center","background-size":"auto","background-attachment":"scroll","background-type":"","background-media":"","overlay-type":"","overlay-color":"","overlay-opacity":"","overlay-gradient":""}}},"product_brand":[],"product_cat":[19],"product_tag":[],"class_list":{"0":"post-108","1":"product","2":"type-product","3":"status-publish","4":"has-post-thumbnail","6":"product_cat-ryby","7":"desktop-align-left","8":"tablet-align-left","9":"mobile-align-left","11":"first","12":"outofstock","13":"shipping-taxable","14":"purchasable","15":"product-type-simple","16":"out-of-stock-bw"},"_links":{"self":[{"href":"https:\/\/faunatic.pl\/index.php\/wp-json\/wp\/v2\/product\/108","targetHints":{"allow":["GET"]}}],"collection":[{"href":"https:\/\/faunatic.pl\/index.php\/wp-json\/wp\/v2\/product"}],"about":[{"href":"https:\/\/faunatic.pl\/index.php\/wp-json\/wp\/v2\/types\/product"}],"replies":[{"embeddable":true,"href":"https:\/\/faunatic.pl\/index.php\/wp-json\/wp\/v2\/comments?post=108"}],"wp:featuredmedia":[{"embeddable":true,"href":"https:\/\/faunatic.pl\/index.php\/wp-json\/wp\/v2\/media\/107"}],"wp:attachment":[{"href":"https:\/\/faunatic.pl\/index.php\/wp-json\/wp\/v2\/media?parent=108"}],"wp:term":[{"taxonomy":"product_brand","embeddable":true,"href":"https:\/\/faunatic.pl\/index.php\/wp-json\/wp\/v2\/product_brand?post=108"},{"taxonomy":"product_cat","embeddable":true,"href":"https:\/\/faunatic.pl\/index.php\/wp-json\/wp\/v2\/product_cat?post=108"},{"taxonomy":"product_tag","embeddable":true,"href":"https:\/\/faunatic.pl\/index.php\/wp-json\/wp\/v2\/product_tag?post=108"}],"curies":[{"name":"wp","href":"https:\/\/api.w.org\/{rel}","templated":true}]}}