{"id":106,"date":"2025-11-07T15:13:38","date_gmt":"2025-11-07T14:13:38","guid":{"rendered":"https:\/\/faunatic.pl\/index.php\/produkt\/dascyllus-melanurus-s-i-m\/"},"modified":"2026-03-19T06:11:43","modified_gmt":"2026-03-19T05:11:43","slug":"dascyllus-melanurus","status":"publish","type":"product","link":"https:\/\/faunatic.pl\/index.php\/produkt\/dascyllus-melanurus\/","title":{"rendered":"Dascyllus melanurus"},"content":{"rendered":"<p>Ryby po 2 tygodniowej aklimatyzacji. Pobieraj\u0105 mro\u017cony i suchy pokarm. Rozmiary S i M<\/p>\n<p>Odbi\u00f3r osobisty, Bia\u0142ystok &#8211; Klepacze &#8211; woj. Podlaskie<br \/>\nMo\u017cliwa wysy\u0142ka PKP &#8211; po\u0142\u0105czenia bezpo\u015brednie z Bia\u0142egostoku. Minimalne zam\u00f3wienie 400z\u0142. Koszt wysy\u0142ki 40z\u0142 (Styrobox + Heatpack 24h).<br \/>\nNa \u017cyczenie i odpowiedzialno\u015b\u0107 kupuj\u0105cego, mo\u017cliwa wysy\u0142ka UPS Expres Saver &#8211; dostawa nast\u0119pnego dnia do godz. 12:00 (koszt 40 z\u0142)<\/p>\n<p>Dascyllus melanurus to popularna i odporna ryba morska, cz\u0119sto spotykana w akwariach rafowych. Dzi\u0119ki du\u017cej odporno\u015bci na choroby, \u0142atwo\u015bci w aklimatyzacji i niskim wymaganiom piel\u0119gnacyjnym, jest idealnym wyborem dla pocz\u0105tkuj\u0105cych akwaryst\u00f3w.<\/p>\n<p>Nale\u017cy jednak pami\u0119ta\u0107, \u017ce gatunek ten mo\u017ce wykazywa\u0107 agresj\u0119 wobec osobnik\u00f3w w\u0142asnego gatunku, szczeg\u00f3lnie w mniejszych zbiornikach \u2013 w takich przypadkach zaleca si\u0119 trzymanie pojedynczych egzemplarzy.<\/p>\n<p>Ryba ta jest w pe\u0142ni bezpieczna dla raf koralowych oraz drobnych bezkr\u0119gowc\u00f3w, co czyni j\u0105 odpowiedni\u0105 do akwarium rafowego.<\/p>\n<p>Warunki hodowli<br \/>\nMinimalna wielko\u015b\u0107 akwarium: 100 litr\u00f3w dla pojedynczego osobnika&gt; Ska\u0142a powinna mie\u0107 liczne kryj\u00f3wki oraz otwart\u0105 przestrze\u0144 do p\u0142ywania.<\/p>\n<p>Parametry wody:<br \/>\nTemperatura: 24\u201327\u00b0C<br \/>\nZasolenie: 1.023\u20131.026<\/p>\n<p>\u017bywienie<br \/>\nDascyllus melanurus jest ryb\u0105 wszystko\u017cern\u0105, kt\u00f3ra \u0142atwo adaptuje si\u0119 do warunk\u00f3w karmienia w akwarium:<br \/>\nCh\u0119tnie przyjmuje pokarmy mro\u017cone: Artemia, mysis oraz pokarmy suche: wysokiej jako\u015bci granulaty i p\u0142atki<\/p>\n<p>Zaleca si\u0119 regularne karmienie 2\u20133 razy dziennie, co wspomaga utrzymanie dobrej kondycji oraz intensywnego ubarwienia.<\/p>\n","protected":false},"excerpt":{"rendered":"<p>Ryby po 2 tygodniowej aklimatyzacji. Pobieraj\u0105 mro\u017cony i suchy pokarm. Rozmiary S i M Odbi\u00f3r osobisty, Bia\u0142ystok &#8211; Klepacze &#8211; [&hellip;]<\/p>\n","protected":false},"featured_media":105,"comment_status":"open","ping_status":"closed","template":"","meta":{"site-sidebar-layout":"default","site-content-layout":"","ast-site-content-layout":"default","site-content-style":"default","site-sidebar-style":"default","ast-global-header-display":"","ast-banner-title-visibility":"","ast-main-header-display":"","ast-hfb-above-header-display":"","ast-hfb-below-header-display":"","ast-hfb-mobile-header-display":"","site-post-title":"","ast-breadcrumbs-content":"","ast-featured-img":"","footer-sml-layout":"","theme-transparent-header-meta":"","adv-header-id-meta":"","stick-header-meta":"","header-above-stick-meta":"","header-main-stick-meta":"","header-below-stick-meta":"","astra-migrate-meta-layouts":"default","ast-page-background-enabled":"default","ast-page-background-meta":{"desktop":{"background-color":"var(--ast-global-color-5)","background-image":"","background-repeat":"repeat","background-position":"center center","background-size":"auto","background-attachment":"scroll","background-type":"","background-media":"","overlay-type":"","overlay-color":"","overlay-opacity":"","overlay-gradient":""},"tablet":{"background-color":"","background-image":"","background-repeat":"repeat","background-position":"center center","background-size":"auto","background-attachment":"scroll","background-type":"","background-media":"","overlay-type":"","overlay-color":"","overlay-opacity":"","overlay-gradient":""},"mobile":{"background-color":"","background-image":"","background-repeat":"repeat","background-position":"center center","background-size":"auto","background-attachment":"scroll","background-type":"","background-media":"","overlay-type":"","overlay-color":"","overlay-opacity":"","overlay-gradient":""}},"ast-content-background-meta":{"desktop":{"background-color":"var(--ast-global-color-4)","background-image":"","background-repeat":"repeat","background-position":"center center","background-size":"auto","background-attachment":"scroll","background-type":"","background-media":"","overlay-type":"","overlay-color":"","overlay-opacity":"","overlay-gradient":""},"tablet":{"background-color":"var(--ast-global-color-4)","background-image":"","background-repeat":"repeat","background-position":"center center","background-size":"auto","background-attachment":"scroll","background-type":"","background-media":"","overlay-type":"","overlay-color":"","overlay-opacity":"","overlay-gradient":""},"mobile":{"background-color":"var(--ast-global-color-4)","background-image":"","background-repeat":"repeat","background-position":"center center","background-size":"auto","background-attachment":"scroll","background-type":"","background-media":"","overlay-type":"","overlay-color":"","overlay-opacity":"","overlay-gradient":""}}},"product_brand":[],"product_cat":[19],"product_tag":[],"class_list":{"0":"post-106","1":"product","2":"type-product","3":"status-publish","4":"has-post-thumbnail","6":"product_cat-ryby","7":"desktop-align-left","8":"tablet-align-left","9":"mobile-align-left","11":"first","12":"instock","13":"shipping-taxable","14":"purchasable","15":"product-type-simple"},"_links":{"self":[{"href":"https:\/\/faunatic.pl\/index.php\/wp-json\/wp\/v2\/product\/106","targetHints":{"allow":["GET"]}}],"collection":[{"href":"https:\/\/faunatic.pl\/index.php\/wp-json\/wp\/v2\/product"}],"about":[{"href":"https:\/\/faunatic.pl\/index.php\/wp-json\/wp\/v2\/types\/product"}],"replies":[{"embeddable":true,"href":"https:\/\/faunatic.pl\/index.php\/wp-json\/wp\/v2\/comments?post=106"}],"wp:featuredmedia":[{"embeddable":true,"href":"https:\/\/faunatic.pl\/index.php\/wp-json\/wp\/v2\/media\/105"}],"wp:attachment":[{"href":"https:\/\/faunatic.pl\/index.php\/wp-json\/wp\/v2\/media?parent=106"}],"wp:term":[{"taxonomy":"product_brand","embeddable":true,"href":"https:\/\/faunatic.pl\/index.php\/wp-json\/wp\/v2\/product_brand?post=106"},{"taxonomy":"product_cat","embeddable":true,"href":"https:\/\/faunatic.pl\/index.php\/wp-json\/wp\/v2\/product_cat?post=106"},{"taxonomy":"product_tag","embeddable":true,"href":"https:\/\/faunatic.pl\/index.php\/wp-json\/wp\/v2\/product_tag?post=106"}],"curies":[{"name":"wp","href":"https:\/\/api.w.org\/{rel}","templated":true}]}}