{"id":104,"date":"2025-11-07T15:09:32","date_gmt":"2025-11-07T14:09:32","guid":{"rendered":"https:\/\/faunatic.pl\/index.php\/produkt\/chrysiptera-hemicyanea-azure-damselfish-s-m\/"},"modified":"2025-12-11T05:39:07","modified_gmt":"2025-12-11T04:39:07","slug":"chrysiptera-hemicyanea-azure-damselfish-s-m","status":"publish","type":"product","link":"https:\/\/faunatic.pl\/index.php\/produkt\/chrysiptera-hemicyanea-azure-damselfish-s-m\/","title":{"rendered":"Chrysiptera hemicyanea &#8211; Azure Damselfish S\/M"},"content":{"rendered":"<p>Krewetki po min. 2 tygodniowej kwarantannie.<\/p>\n<p>Odbi\u00f3r osobisty, Bia\u0142ystok &#8211; Klepacze &#8211; woj. Podlaskie<br \/>\nMo\u017cliwa wysy\u0142ka PKP &#8211; po\u0142\u0105czenia bezpo\u015brednie z Bia\u0142egostoku. Minimalne zam\u00f3wienie 400z\u0142. Koszt wysy\u0142ki 40z\u0142 (Styrobox + Heatpack 24h).<br \/>\nNa \u017cyczenie i odpowiedzialno\u015b\u0107 kupuj\u0105cego, mo\u017cliwa wysy\u0142ka UPS Expres Saver &#8211; dostawa nast\u0119pnego dnia do godz. 12:00 (koszt 40 z\u0142)<\/p>\n<p>Chrysiptera hemicyanea \u2013 Azure Damselfish<br \/>\nNazwa potoczna: Azure damselfish, Azure demoiselle, half-blue demoiselle, yellow-dipped damsel<br \/>\nPochodzenie: Indonezja, Indopacyfik, Malezja, Papua Nowa Gwinea, Wyspy Salomona, Australia, zachodni Pacyfik<br \/>\nWielko\u015b\u0107: do 7 cm<br \/>\nTemperatura: 24\u201326\u00b0C<br \/>\nZasolenie: 1.023\u20131.025<br \/>\npH: 8,1\u20138,4<br \/>\nMinimalna wielko\u015b\u0107 akwarium: 50 litr\u00f3w (zalecane wi\u0119ksze dla komfortu i ograniczenia agresji)<br \/>\nPokarm: artemia, ikra langusty, mysis, oczliki, mro\u017cony oraz suchy pokarm<\/p>\n<p>Chrysiptera hemicyanea to barwna i niezwykle ozdobna ryba morska z rodziny garbikowatych (Pomacentridae), ceniona przez akwaryst\u00f3w za intensywny opalizuj\u0105cy kolor \u2013 g\u0142\u0119boki b\u0142\u0119kit z \u017c\u00f3\u0142tym  zako\u0144czeniem ogona i partii brzusznych. Idealnie nadaje si\u0119 zar\u00f3wno do mniejszych zbiornik\u00f3w (od 50 litr\u00f3w), jak i wi\u0119kszych raf koralowych.<\/p>\n<p>Ten gatunek jest silnie terytorialny \u2013 zaleca si\u0119 wprowadza\u0107 go jako ostatniego mieszka\u0144ca akwarium, zw\u0142aszcza w mniejszych zbiornikach, gdzie potrafi zdominowa\u0107 p\u00f3\u017aniej wpuszczone ryby. Agresja jest wyra\u017anie mniejsza przy du\u017cej liczbie kryj\u00f3wek \u2013 naturalnych grot, ska\u0142, SPS-\u00f3w czy akropor, w kt\u00f3rych garbik nie tylko ch\u0119tnie przebywa, ale te\u017c nawi\u0105zuje symbiotyczne relacje (np. z koralowcami poprzez natlenianie i dostarczanie cz\u0105stek pokarmu).<\/p>\n<p>Zaleca si\u0119 trzymanie pojedynczego osobnika tego gatunku w mniejszych akwariach. W wi\u0119kszych zbiornikach (od 300\u2013500 litr\u00f3w) mo\u017cliwa jest hodowla pary lub stada, cho\u0107 dymorfizm p\u0142ciowy jest trudny do rozr\u00f3\u017cnienia. Przy dobranej parze mo\u017ce doj\u015b\u0107 do rozrodu w warunkach domowych.<\/p>\n<p>Garbik b\u0142\u0119kitno-\u017c\u00f3\u0142ty to \u015bwietny wyb\u00f3r zar\u00f3wno dla pocz\u0105tkuj\u0105cych, jak i zaawansowanych akwaryst\u00f3w \u2013 \u0142\u0105czy niewielkie wymagania piel\u0119gnacyjne z efektownym wygl\u0105dem i ciekawym zachowaniem.<\/p>\n","protected":false},"excerpt":{"rendered":"<p>Krewetki po min. 2 tygodniowej kwarantannie. Odbi\u00f3r osobisty, Bia\u0142ystok &#8211; Klepacze &#8211; woj. Podlaskie Mo\u017cliwa wysy\u0142ka PKP &#8211; po\u0142\u0105czenia bezpo\u015brednie [&hellip;]<\/p>\n","protected":false},"featured_media":103,"comment_status":"open","ping_status":"closed","template":"","meta":{"site-sidebar-layout":"default","site-content-layout":"","ast-site-content-layout":"default","site-content-style":"default","site-sidebar-style":"default","ast-global-header-display":"","ast-banner-title-visibility":"","ast-main-header-display":"","ast-hfb-above-header-display":"","ast-hfb-below-header-display":"","ast-hfb-mobile-header-display":"","site-post-title":"","ast-breadcrumbs-content":"","ast-featured-img":"","footer-sml-layout":"","theme-transparent-header-meta":"","adv-header-id-meta":"","stick-header-meta":"","header-above-stick-meta":"","header-main-stick-meta":"","header-below-stick-meta":"","astra-migrate-meta-layouts":"default","ast-page-background-enabled":"default","ast-page-background-meta":{"desktop":{"background-color":"var(--ast-global-color-5)","background-image":"","background-repeat":"repeat","background-position":"center center","background-size":"auto","background-attachment":"scroll","background-type":"","background-media":"","overlay-type":"","overlay-color":"","overlay-opacity":"","overlay-gradient":""},"tablet":{"background-color":"","background-image":"","background-repeat":"repeat","background-position":"center center","background-size":"auto","background-attachment":"scroll","background-type":"","background-media":"","overlay-type":"","overlay-color":"","overlay-opacity":"","overlay-gradient":""},"mobile":{"background-color":"","background-image":"","background-repeat":"repeat","background-position":"center center","background-size":"auto","background-attachment":"scroll","background-type":"","background-media":"","overlay-type":"","overlay-color":"","overlay-opacity":"","overlay-gradient":""}},"ast-content-background-meta":{"desktop":{"background-color":"var(--ast-global-color-4)","background-image":"","background-repeat":"repeat","background-position":"center center","background-size":"auto","background-attachment":"scroll","background-type":"","background-media":"","overlay-type":"","overlay-color":"","overlay-opacity":"","overlay-gradient":""},"tablet":{"background-color":"var(--ast-global-color-4)","background-image":"","background-repeat":"repeat","background-position":"center center","background-size":"auto","background-attachment":"scroll","background-type":"","background-media":"","overlay-type":"","overlay-color":"","overlay-opacity":"","overlay-gradient":""},"mobile":{"background-color":"var(--ast-global-color-4)","background-image":"","background-repeat":"repeat","background-position":"center center","background-size":"auto","background-attachment":"scroll","background-type":"","background-media":"","overlay-type":"","overlay-color":"","overlay-opacity":"","overlay-gradient":""}}},"product_brand":[],"product_cat":[19],"product_tag":[],"class_list":{"0":"post-104","1":"product","2":"type-product","3":"status-publish","4":"has-post-thumbnail","6":"product_cat-ryby","7":"desktop-align-left","8":"tablet-align-left","9":"mobile-align-left","11":"first","12":"instock","13":"shipping-taxable","14":"purchasable","15":"product-type-simple"},"_links":{"self":[{"href":"https:\/\/faunatic.pl\/index.php\/wp-json\/wp\/v2\/product\/104","targetHints":{"allow":["GET"]}}],"collection":[{"href":"https:\/\/faunatic.pl\/index.php\/wp-json\/wp\/v2\/product"}],"about":[{"href":"https:\/\/faunatic.pl\/index.php\/wp-json\/wp\/v2\/types\/product"}],"replies":[{"embeddable":true,"href":"https:\/\/faunatic.pl\/index.php\/wp-json\/wp\/v2\/comments?post=104"}],"wp:featuredmedia":[{"embeddable":true,"href":"https:\/\/faunatic.pl\/index.php\/wp-json\/wp\/v2\/media\/103"}],"wp:attachment":[{"href":"https:\/\/faunatic.pl\/index.php\/wp-json\/wp\/v2\/media?parent=104"}],"wp:term":[{"taxonomy":"product_brand","embeddable":true,"href":"https:\/\/faunatic.pl\/index.php\/wp-json\/wp\/v2\/product_brand?post=104"},{"taxonomy":"product_cat","embeddable":true,"href":"https:\/\/faunatic.pl\/index.php\/wp-json\/wp\/v2\/product_cat?post=104"},{"taxonomy":"product_tag","embeddable":true,"href":"https:\/\/faunatic.pl\/index.php\/wp-json\/wp\/v2\/product_tag?post=104"}],"curies":[{"name":"wp","href":"https:\/\/api.w.org\/{rel}","templated":true}]}}