{"id":102,"date":"2025-11-07T15:09:31","date_gmt":"2025-11-07T14:09:31","guid":{"rendered":"https:\/\/faunatic.pl\/index.php\/produkt\/camposcia-retusa-krab-dekorator-l\/"},"modified":"2025-12-11T05:38:08","modified_gmt":"2025-12-11T04:38:08","slug":"camposcia-retusa-krab-dekorator-l","status":"publish","type":"product","link":"https:\/\/faunatic.pl\/index.php\/produkt\/camposcia-retusa-krab-dekorator-l\/","title":{"rendered":"Camposcia retusa &#8211; krab dekorator L"},"content":{"rendered":"<p>Kraby s\u0105 po 2 tygodniowej aklimatyzacji. Rozmiar L<\/p>\n<p>Odbi\u00f3r osobisty, Bia\u0142ystok &#8211; Klepacze &#8211; woj. Podlaskie<br \/>\nMo\u017cliwa wysy\u0142ka PKP &#8211; po\u0142\u0105czenia bezpo\u015brednie z Bia\u0142egostoku. Minimalne zam\u00f3wienie 400z\u0142. Koszt wysy\u0142ki 40z\u0142 (Styrobox + Heatpack 24h).<br \/>\nNa \u017cyczenie i odpowiedzialno\u015b\u0107 kupuj\u0105cego, mo\u017cliwa wysy\u0142ka UPS Expres Saver &#8211; dostawa nast\u0119pnego dnia do godz. 12:00 (koszt 40 z\u0142)<\/p>\n<p>Camposcia retusa, znany jako krab dekorator, wyr\u00f3\u017cnia si\u0119 niezwyk\u0142\u0105 zdolno\u015bci\u0105 do kamufla\u017cu. Jego cia\u0142o jest stosunkowo ma\u0142e i okr\u0105g\u0142e, a charakterystyczne szczypce (chelae) oraz inne cz\u0119\u015bci cia\u0142a pokrywa r\u00f3\u017cnorodnymi ozdobami \u2013 takimi jak fragmenty korali, alg, a nawet anemon\u00f3w morskich. Dzi\u0119ki temu skutecznie wtapia si\u0119 w otoczenie i unika drapie\u017cnik\u00f3w.<br \/>\nKrab ten prowadzi osiad\u0142y tryb \u017cycia, wi\u0119kszo\u015b\u0107 czasu sp\u0119dzaj\u0105c nieruchomo lub poruszaj\u0105c si\u0119 bardzo powoli w poszukiwaniu po\u017cywienia.<\/p>\n<p>Pochodzenie: Indopacyfik<br \/>\nRozmiar: od kilku do kilkunastu centymetr\u00f3w<br \/>\nTemperament: spokojny, osiad\u0142y<br \/>\nMinimalna wielko\u015b\u0107 akwarium: 100 litr\u00f3w<\/p>\n<p>Warunki hodowli w akwarium<br \/>\nZbiornik: Minimum 100 litr\u00f3w, Du\u017ca ilo\u015b\u0107 ska\u0142 i kryj\u00f3wek<br \/>\nDost\u0119p do materia\u0142\u00f3w dekoracyjnych, np. kawa\u0142k\u00f3w korali, g\u0105bek czy alg, kt\u00f3re krab wykorzystuje do ozdabiania swojego cia\u0142a<\/p>\n<p>Parametry wody:<br \/>\nTemperatura: 24\u201327\u00b0C<br \/>\nZasolenie: 1.023\u20131.026<\/p>\n<p>Karmienie<br \/>\nCamposcia retusa to drobny drapie\u017cnik \u2013 w naturze \u017cywi si\u0119 planktonem oraz ma\u0142ymi bezkr\u0119gowcami. W warunkach akwariowych ch\u0119tnie przyjmuje: Mro\u017cone krewetki, Mro\u017cone mi\u0119czaki, Drobne kawa\u0142ki owoc\u00f3w morza, Specjalistyczne pokarmy dla bezkr\u0119gowc\u00f3w<\/p>\n","protected":false},"excerpt":{"rendered":"<p>Kraby s\u0105 po 2 tygodniowej aklimatyzacji. Rozmiar L Odbi\u00f3r osobisty, Bia\u0142ystok &#8211; Klepacze &#8211; woj. Podlaskie Mo\u017cliwa wysy\u0142ka PKP &#8211; [&hellip;]<\/p>\n","protected":false},"featured_media":101,"comment_status":"open","ping_status":"closed","template":"","meta":{"site-sidebar-layout":"default","site-content-layout":"","ast-site-content-layout":"default","site-content-style":"default","site-sidebar-style":"default","ast-global-header-display":"","ast-banner-title-visibility":"","ast-main-header-display":"","ast-hfb-above-header-display":"","ast-hfb-below-header-display":"","ast-hfb-mobile-header-display":"","site-post-title":"","ast-breadcrumbs-content":"","ast-featured-img":"","footer-sml-layout":"","theme-transparent-header-meta":"","adv-header-id-meta":"","stick-header-meta":"","header-above-stick-meta":"","header-main-stick-meta":"","header-below-stick-meta":"","astra-migrate-meta-layouts":"default","ast-page-background-enabled":"default","ast-page-background-meta":{"desktop":{"background-color":"var(--ast-global-color-5)","background-image":"","background-repeat":"repeat","background-position":"center center","background-size":"auto","background-attachment":"scroll","background-type":"","background-media":"","overlay-type":"","overlay-color":"","overlay-opacity":"","overlay-gradient":""},"tablet":{"background-color":"","background-image":"","background-repeat":"repeat","background-position":"center center","background-size":"auto","background-attachment":"scroll","background-type":"","background-media":"","overlay-type":"","overlay-color":"","overlay-opacity":"","overlay-gradient":""},"mobile":{"background-color":"","background-image":"","background-repeat":"repeat","background-position":"center center","background-size":"auto","background-attachment":"scroll","background-type":"","background-media":"","overlay-type":"","overlay-color":"","overlay-opacity":"","overlay-gradient":""}},"ast-content-background-meta":{"desktop":{"background-color":"var(--ast-global-color-4)","background-image":"","background-repeat":"repeat","background-position":"center center","background-size":"auto","background-attachment":"scroll","background-type":"","background-media":"","overlay-type":"","overlay-color":"","overlay-opacity":"","overlay-gradient":""},"tablet":{"background-color":"var(--ast-global-color-4)","background-image":"","background-repeat":"repeat","background-position":"center center","background-size":"auto","background-attachment":"scroll","background-type":"","background-media":"","overlay-type":"","overlay-color":"","overlay-opacity":"","overlay-gradient":""},"mobile":{"background-color":"var(--ast-global-color-4)","background-image":"","background-repeat":"repeat","background-position":"center center","background-size":"auto","background-attachment":"scroll","background-type":"","background-media":"","overlay-type":"","overlay-color":"","overlay-opacity":"","overlay-gradient":""}}},"product_brand":[],"product_cat":[20,30],"product_tag":[],"class_list":{"0":"post-102","1":"product","2":"type-product","3":"status-publish","4":"has-post-thumbnail","6":"product_cat-bezkregowce","7":"product_cat-kraby","8":"desktop-align-left","9":"tablet-align-left","10":"mobile-align-left","12":"first","13":"instock","14":"shipping-taxable","15":"purchasable","16":"product-type-simple"},"_links":{"self":[{"href":"https:\/\/faunatic.pl\/index.php\/wp-json\/wp\/v2\/product\/102","targetHints":{"allow":["GET"]}}],"collection":[{"href":"https:\/\/faunatic.pl\/index.php\/wp-json\/wp\/v2\/product"}],"about":[{"href":"https:\/\/faunatic.pl\/index.php\/wp-json\/wp\/v2\/types\/product"}],"replies":[{"embeddable":true,"href":"https:\/\/faunatic.pl\/index.php\/wp-json\/wp\/v2\/comments?post=102"}],"wp:featuredmedia":[{"embeddable":true,"href":"https:\/\/faunatic.pl\/index.php\/wp-json\/wp\/v2\/media\/101"}],"wp:attachment":[{"href":"https:\/\/faunatic.pl\/index.php\/wp-json\/wp\/v2\/media?parent=102"}],"wp:term":[{"taxonomy":"product_brand","embeddable":true,"href":"https:\/\/faunatic.pl\/index.php\/wp-json\/wp\/v2\/product_brand?post=102"},{"taxonomy":"product_cat","embeddable":true,"href":"https:\/\/faunatic.pl\/index.php\/wp-json\/wp\/v2\/product_cat?post=102"},{"taxonomy":"product_tag","embeddable":true,"href":"https:\/\/faunatic.pl\/index.php\/wp-json\/wp\/v2\/product_tag?post=102"}],"curies":[{"name":"wp","href":"https:\/\/api.w.org\/{rel}","templated":true}]}}